{"id":2433,"date":"2023-06-01T16:49:12","date_gmt":"2023-06-01T16:49:12","guid":{"rendered":"https:\/\/ahamimcar.foxneer.com\/?page_id=2433"},"modified":"2023-06-01T16:56:57","modified_gmt":"2023-06-01T16:56:57","slug":"termes-et-conditions","status":"publish","type":"page","link":"https:\/\/ahamimcar.com\/ar\/termes-et-conditions\/","title":{"rendered":"Termes et conditions"},"content":{"rendered":"<div data-elementor-type=\"wp-page\" data-elementor-id=\"2433\" class=\"elementor elementor-2433\" data-elementor-post-type=\"page\">\n\t\t\t\t\t\t<section class=\"elementor-section elementor-top-section elementor-element elementor-element-66a6f00 elementor-section-boxed elementor-section-height-default elementor-section-height-default\" data-id=\"66a6f00\" data-element_type=\"section\" data-settings=\"{&quot;background_background&quot;:&quot;classic&quot;}\">\n\t\t\t\t\t\t<div class=\"elementor-container elementor-column-gap-default\">\n\t\t\t\t\t<div class=\"elementor-column elementor-col-100 elementor-top-column elementor-element elementor-element-6ba4bb4\" data-id=\"6ba4bb4\" data-element_type=\"column\">\n\t\t\t<div class=\"elementor-widget-wrap elementor-element-populated\">\n\t\t\t\t\t\t<div class=\"elementor-element elementor-element-98a2c91 elementor-widget elementor-widget-heading\" data-id=\"98a2c91\" data-element_type=\"widget\" data-widget_type=\"heading.default\">\n\t\t\t\t<div class=\"elementor-widget-container\">\n\t\t\t<h1 class=\"elementor-heading-title elementor-size-default\">Termes et conditions<\/h1>\t\t<\/div>\n\t\t\t\t<\/div>\n\t\t\t\t<div class=\"elementor-element elementor-element-acd443e elementor-widget elementor-widget-text-editor\" data-id=\"acd443e\" data-element_type=\"widget\" data-widget_type=\"text-editor.default\">\n\t\t\t\t<div class=\"elementor-widget-container\">\n\t\t\t\t\t\t\t<div class=\"col-md-6\"><p><b>ARTICLE 1 : OBJET DU CONTRAT<\/b><\/p><p>Le pr\u00e9sent contrat est un contrat \u00e0 distance qui a pour objet de d\u00e9finir les droits et obligations des parties dans le cadre de vente des produits par AHAMIM CAR et sur Internet, par www.ahamimcar.com.<\/p><p>Au cas o\u00f9 le locataire a pas respecter l&rsquo;un des termes du pr\u00e9sent contrat AHAMIM CAR se r\u00e9serve le plein droit de mettre fin au contrat.<\/p><p><b>ARTICLE 2 : LIVRAISON ET RESTITUTION<\/b><\/p><p>Le v\u00e9hicule doit \u00eatre restitu\u00e9 \u00e0 l&rsquo;endroit de retour fix\u00e9 sur le contrat sauf qu\u2019une modification autoris\u00e9 avant 24 heures.<\/p><p><b>ARTICLE 3 : CONDITIONS DE LOCATION<\/b><\/p><p>Lors de la prise en charge du v\u00e9hicule, vous devez pr\u00e9senter un permis de conduire en cours de validit\u00e9 (Le permis doit avoir au minimum 1 an de validit\u00e9) . L\u2019\u00e2ge minimum pour la location et 19 ans. Vous devez aussi pr\u00e9senter un Passeport ou une carte d&rsquo;ientit\u00e9 . Derni\u00e8rement vous aurez besoin d&rsquo;une carte bancaire de debit ou de credit (visa ou mastercard).<\/p><p><b>ARTICLE 4: CONFIDENTIALIT\u00c9<\/b><\/p><p>Lors d&rsquo;une r\u00e9servation en ligne les informations personnelles seront prot\u00e9g\u00e9es de fa\u00e7on s\u00e9curis\u00e9e pour g\u00e9rer vos r\u00e9servations. Nous suivons les normes reconnues afin de prot\u00e9ger les informations personnelles identifiables et qui nous sont soumises, \u00e0 la fois lors de la transmission et de la r\u00e9ception.<\/p><p><b>ARTICLE 5 : M\u00c9THODE DE PAIEMENT<\/b><\/p><\/div><div class=\"col-md-6\">Par carte bancaire ou par cash a l\u2019arriv\u00e9e. Vous choisissez le moyen de paiement parmi ceux propos\u00e9s par CMI (Visa ou MasterCard).Votre paiement par carte bancaire est s\u00e9curis\u00e9 par CMI qui offre un service de paiement enti\u00e8rement s\u00e9curis\u00e9.<\/div><div>\u00a0<\/div><div class=\"col-md-6\"><p><b style=\"font-style: inherit;\">ARTICLE 6 : ASSURANCE<\/b><\/p><p>Le contrat de location de votre voiture comprend une assurance responsabilit\u00e9 civile et accidents caus\u00e9s aux tiers avec franchise et caution. Pour plus de tranquillit\u00e9 vous pouvez \u00e9galement choisir une couverture compl\u00e8te (assurance tous risques).Le pack tous risques annule votre responsabilit\u00e9 financi\u00e8re en cas d&rsquo;une collision en condition de pr\u00e9senter AHAMIM CAR un constat amiable d\u00fbment rempli et sign\u00e9 ou un PV de police ou de gendarmerie mentionnant les circonstances exactes, notamment le lieu de l\u2019accident la date , l\u2019heure et les t\u00e9moins.<\/p><p><strong>Franchise et caution<\/strong><\/p><p>la hauteur du montant de la franchise est de 1000\u20ac .la caution est de 500\u20ac sera bloqu\u00e9e pour couvrir les frais suppl\u00e9mentaires li\u00e9s \u00e0 la location. Par exemple : le manque du carburant, la non-restitution d\u2019un ou plusieurs accessoires, Exc\u00e8s de vitesse, perte l\u2019un des documents de voiture, perte de cl\u00e9 du voiture. Le montant total de 1500\u20ac sera bloquer le temp de la pris en charge de la voiture et aussi debloquer apres la restitution de la voiture.<\/p><p><strong>ARTICLE 7: MODIFICATION ET ANNULATION<\/strong><\/p><p>Vous pouvez facilement modifier votre r\u00e9servation en envoyant un e-mail \u00e0 l&rsquo;adresse <a href=\"mailto:ahamimcar1@gmail.com\">ahamimcar1@gmail.com<\/a> ou sur whatsapp <a href=\"tel: 212661350957\"><span class=\"elementor-icon-list-text\">+212661350957<\/span><\/a>\u00a0. N&rsquo;oubliez pas d&rsquo;inclure votre num\u00e9ro de r\u00e9servation que vous pouvez trouver dans l&#8217;email de confirmation. AHAMIM CAR r\u00e9serve le droit d\u2019annuler la r\u00e9servation si la voiture n&rsquo;est pas disponible. Aussi toute annulation sera trait\u00e9 en fonction de ses circonstances.<\/p><p>\u00a0<strong>Prolongation:<\/strong><\/p><p>Au cas o\u00f9 le locataire d\u00e9sire prolonger son contrat, il doit demander l\u2019accord pr\u00e9alable \u00e0 AHAMIM CAR au moins 48 heures \u00e0 l&rsquo;avance. En cas de prolongation non autoris\u00e9e le client paiera une majoration sur le prix de location.<\/p><\/div>\t\t\t\t\t\t<\/div>\n\t\t\t\t<\/div>\n\t\t\t\t\t<\/div>\n\t\t<\/div>\n\t\t\t\t\t<\/div>\n\t\t<\/section>\n\t\t\t\t<\/div>","protected":false},"excerpt":{"rendered":"<p>ARTICLE 1 : OBJET DU CONTRAT Le pr\u00e9sent contrat est un contrat \u00e0 distance qui a pour objet de d\u00e9finir [&hellip;]<\/p>","protected":false},"author":2,"featured_media":0,"parent":0,"menu_order":0,"comment_status":"closed","ping_status":"closed","template":"","meta":{"site-sidebar-layout":"no-sidebar","site-content-layout":"page-builder","ast-site-content-layout":"","site-content-style":"default","site-sidebar-style":"default","ast-global-header-display":"","ast-banner-title-visibility":"","ast-main-header-display":"","ast-hfb-above-header-display":"","ast-hfb-below-header-display":"","ast-hfb-mobile-header-display":"","site-post-title":"disabled","ast-breadcrumbs-content":"","ast-featured-img":"disabled","footer-sml-layout":"","theme-transparent-header-meta":"","adv-header-id-meta":"","stick-header-meta":"","header-above-stick-meta":"","header-main-stick-meta":"","header-below-stick-meta":"","astra-migrate-meta-layouts":"default","ast-page-background-enabled":"default","ast-page-background-meta":{"desktop":{"background-color":"var(--ast-global-color-4)","background-image":"","background-repeat":"repeat","background-position":"center center","background-size":"auto","background-attachment":"scroll","background-type":"","background-media":"","overlay-type":"","overlay-color":"","overlay-opacity":"","overlay-gradient":""},"tablet":{"background-color":"","background-image":"","background-repeat":"repeat","background-position":"center center","background-size":"auto","background-attachment":"scroll","background-type":"","background-media":"","overlay-type":"","overlay-color":"","overlay-opacity":"","overlay-gradient":""},"mobile":{"background-color":"","background-image":"","background-repeat":"repeat","background-position":"center center","background-size":"auto","background-attachment":"scroll","background-type":"","background-media":"","overlay-type":"","overlay-color":"","overlay-opacity":"","overlay-gradient":""}},"ast-content-background-meta":{"desktop":{"background-color":"var(--ast-global-color-5)","background-image":"","background-repeat":"repeat","background-position":"center center","background-size":"auto","background-attachment":"scroll","background-type":"","background-media":"","overlay-type":"","overlay-color":"","overlay-opacity":"","overlay-gradient":""},"tablet":{"background-color":"var(--ast-global-color-5)","background-image":"","background-repeat":"repeat","background-position":"center center","background-size":"auto","background-attachment":"scroll","background-type":"","background-media":"","overlay-type":"","overlay-color":"","overlay-opacity":"","overlay-gradient":""},"mobile":{"background-color":"var(--ast-global-color-5)","background-image":"","background-repeat":"repeat","background-position":"center center","background-size":"auto","background-attachment":"scroll","background-type":"","background-media":"","overlay-type":"","overlay-color":"","overlay-opacity":"","overlay-gradient":""}},"footnotes":""},"class_list":["post-2433","page","type-page","status-publish","hentry"],"yoast_head":"<!-- This site is optimized with the Yoast SEO plugin v23.9 - https:\/\/yoast.com\/wordpress\/plugins\/seo\/ -->\n<title>Termes et conditions | Ahamim car<\/title>\n<meta name=\"robots\" content=\"index, follow, max-snippet:-1, max-image-preview:large, max-video-preview:-1\" \/>\n<link rel=\"canonical\" href=\"https:\/\/ahamimcar.com\/ar\/termes-et-conditions\/\" \/>\n<meta property=\"og:locale\" content=\"ar_AR\" \/>\n<meta property=\"og:type\" content=\"article\" \/>\n<meta property=\"og:title\" content=\"Termes et conditions | Ahamim car\" \/>\n<meta property=\"og:description\" content=\"ARTICLE 1 : OBJET DU CONTRAT Le pr\u00e9sent contrat est un contrat \u00e0 distance qui a pour objet de d\u00e9finir [&hellip;]\" \/>\n<meta property=\"og:url\" content=\"https:\/\/ahamimcar.com\/ar\/termes-et-conditions\/\" \/>\n<meta property=\"og:site_name\" content=\"Ahamim car\" \/>\n<meta property=\"article:publisher\" content=\"https:\/\/www.facebook.com\/locationdesvoitures\" \/>\n<meta property=\"article:modified_time\" content=\"2023-06-01T16:56:57+00:00\" \/>\n<meta property=\"og:image\" content=\"https:\/\/ahamimcar.com\/wp-content\/uploads\/2023\/06\/ahamimcard-logo.jpg\" \/>\n\t<meta property=\"og:image:width\" content=\"500\" \/>\n\t<meta property=\"og:image:height\" content=\"500\" \/>\n\t<meta property=\"og:image:type\" content=\"image\/jpeg\" \/>\n<meta name=\"twitter:card\" content=\"summary_large_image\" \/>\n<meta name=\"twitter:label1\" content=\"\u0648\u0642\u062a \u0627\u0644\u0642\u0631\u0627\u0621\u0629 \u0627\u0644\u0645\u064f\u0642\u062f\u0651\u0631\" \/>\n\t<meta name=\"twitter:data1\" content=\"3 \u062f\u0642\u0627\u0626\u0642\" \/>\n<script type=\"application\/ld+json\" class=\"yoast-schema-graph\">{\"@context\":\"https:\/\/schema.org\",\"@graph\":[{\"@type\":\"WebPage\",\"@id\":\"https:\/\/ahamimcar.com\/termes-et-conditions\/\",\"url\":\"https:\/\/ahamimcar.com\/termes-et-conditions\/\",\"name\":\"Termes et conditions | Ahamim car\",\"isPartOf\":{\"@id\":\"https:\/\/ahamimcar.com\/#website\"},\"datePublished\":\"2023-06-01T16:49:12+00:00\",\"dateModified\":\"2023-06-01T16:56:57+00:00\",\"breadcrumb\":{\"@id\":\"https:\/\/ahamimcar.com\/termes-et-conditions\/#breadcrumb\"},\"inLanguage\":\"ar\",\"potentialAction\":[{\"@type\":\"ReadAction\",\"target\":[\"https:\/\/ahamimcar.com\/termes-et-conditions\/\"]}]},{\"@type\":\"BreadcrumbList\",\"@id\":\"https:\/\/ahamimcar.com\/termes-et-conditions\/#breadcrumb\",\"itemListElement\":[{\"@type\":\"ListItem\",\"position\":1,\"name\":\"Accueil\",\"item\":\"https:\/\/ahamimcar.com\/\"},{\"@type\":\"ListItem\",\"position\":2,\"name\":\"Termes et conditions\"}]},{\"@type\":\"WebSite\",\"@id\":\"https:\/\/ahamimcar.com\/#website\",\"url\":\"https:\/\/ahamimcar.com\/\",\"name\":\"Ahamim car\",\"description\":\"Location de voitures f\u00e8s saiss\",\"publisher\":{\"@id\":\"https:\/\/ahamimcar.com\/#organization\"},\"potentialAction\":[{\"@type\":\"SearchAction\",\"target\":{\"@type\":\"EntryPoint\",\"urlTemplate\":\"https:\/\/ahamimcar.com\/?s={search_term_string}\"},\"query-input\":{\"@type\":\"PropertyValueSpecification\",\"valueRequired\":true,\"valueName\":\"search_term_string\"}}],\"inLanguage\":\"ar\"},{\"@type\":\"Organization\",\"@id\":\"https:\/\/ahamimcar.com\/#organization\",\"name\":\"Ahamim car\",\"url\":\"https:\/\/ahamimcar.com\/\",\"logo\":{\"@type\":\"ImageObject\",\"inLanguage\":\"ar\",\"@id\":\"https:\/\/ahamimcar.com\/#\/schema\/logo\/image\/\",\"url\":\"https:\/\/ahamimcar.com\/wp-content\/uploads\/2023\/05\/ahamimcard-logo.png\",\"contentUrl\":\"https:\/\/ahamimcar.com\/wp-content\/uploads\/2023\/05\/ahamimcard-logo.png\",\"width\":500,\"height\":207,\"caption\":\"Ahamim car\"},\"image\":{\"@id\":\"https:\/\/ahamimcar.com\/#\/schema\/logo\/image\/\"},\"sameAs\":[\"https:\/\/www.facebook.com\/locationdesvoitures\"]}]}<\/script>\n<!-- \/ Yoast SEO plugin. -->","yoast_head_json":{"title":"Termes et conditions | Ahamim car","robots":{"index":"index","follow":"follow","max-snippet":"max-snippet:-1","max-image-preview":"max-image-preview:large","max-video-preview":"max-video-preview:-1"},"canonical":"https:\/\/ahamimcar.com\/ar\/termes-et-conditions\/","og_locale":"ar_AR","og_type":"article","og_title":"Termes et conditions | Ahamim car","og_description":"ARTICLE 1 : OBJET DU CONTRAT Le pr\u00e9sent contrat est un contrat \u00e0 distance qui a pour objet de d\u00e9finir [&hellip;]","og_url":"https:\/\/ahamimcar.com\/ar\/termes-et-conditions\/","og_site_name":"Ahamim car","article_publisher":"https:\/\/www.facebook.com\/locationdesvoitures","article_modified_time":"2023-06-01T16:56:57+00:00","og_image":[{"width":500,"height":500,"url":"https:\/\/ahamimcar.com\/wp-content\/uploads\/2023\/06\/ahamimcard-logo.jpg","type":"image\/jpeg"}],"twitter_card":"summary_large_image","twitter_misc":{"\u0648\u0642\u062a \u0627\u0644\u0642\u0631\u0627\u0621\u0629 \u0627\u0644\u0645\u064f\u0642\u062f\u0651\u0631":"3 \u062f\u0642\u0627\u0626\u0642"},"schema":{"@context":"https:\/\/schema.org","@graph":[{"@type":"WebPage","@id":"https:\/\/ahamimcar.com\/termes-et-conditions\/","url":"https:\/\/ahamimcar.com\/termes-et-conditions\/","name":"Termes et conditions | Ahamim car","isPartOf":{"@id":"https:\/\/ahamimcar.com\/#website"},"datePublished":"2023-06-01T16:49:12+00:00","dateModified":"2023-06-01T16:56:57+00:00","breadcrumb":{"@id":"https:\/\/ahamimcar.com\/termes-et-conditions\/#breadcrumb"},"inLanguage":"ar","potentialAction":[{"@type":"ReadAction","target":["https:\/\/ahamimcar.com\/termes-et-conditions\/"]}]},{"@type":"BreadcrumbList","@id":"https:\/\/ahamimcar.com\/termes-et-conditions\/#breadcrumb","itemListElement":[{"@type":"ListItem","position":1,"name":"Accueil","item":"https:\/\/ahamimcar.com\/"},{"@type":"ListItem","position":2,"name":"Termes et conditions"}]},{"@type":"WebSite","@id":"https:\/\/ahamimcar.com\/#website","url":"https:\/\/ahamimcar.com\/","name":"Ahamim car","description":"Location de voitures f\u00e8s saiss","publisher":{"@id":"https:\/\/ahamimcar.com\/#organization"},"potentialAction":[{"@type":"SearchAction","target":{"@type":"EntryPoint","urlTemplate":"https:\/\/ahamimcar.com\/?s={search_term_string}"},"query-input":{"@type":"PropertyValueSpecification","valueRequired":true,"valueName":"search_term_string"}}],"inLanguage":"ar"},{"@type":"Organization","@id":"https:\/\/ahamimcar.com\/#organization","name":"Ahamim car","url":"https:\/\/ahamimcar.com\/","logo":{"@type":"ImageObject","inLanguage":"ar","@id":"https:\/\/ahamimcar.com\/#\/schema\/logo\/image\/","url":"https:\/\/ahamimcar.com\/wp-content\/uploads\/2023\/05\/ahamimcard-logo.png","contentUrl":"https:\/\/ahamimcar.com\/wp-content\/uploads\/2023\/05\/ahamimcard-logo.png","width":500,"height":207,"caption":"Ahamim car"},"image":{"@id":"https:\/\/ahamimcar.com\/#\/schema\/logo\/image\/"},"sameAs":["https:\/\/www.facebook.com\/locationdesvoitures"]}]}},"_links":{"self":[{"href":"https:\/\/ahamimcar.com\/ar\/wp-json\/wp\/v2\/pages\/2433"}],"collection":[{"href":"https:\/\/ahamimcar.com\/ar\/wp-json\/wp\/v2\/pages"}],"about":[{"href":"https:\/\/ahamimcar.com\/ar\/wp-json\/wp\/v2\/types\/page"}],"author":[{"embeddable":true,"href":"https:\/\/ahamimcar.com\/ar\/wp-json\/wp\/v2\/users\/2"}],"replies":[{"embeddable":true,"href":"https:\/\/ahamimcar.com\/ar\/wp-json\/wp\/v2\/comments?post=2433"}],"version-history":[{"count":0,"href":"https:\/\/ahamimcar.com\/ar\/wp-json\/wp\/v2\/pages\/2433\/revisions"}],"wp:attachment":[{"href":"https:\/\/ahamimcar.com\/ar\/wp-json\/wp\/v2\/media?parent=2433"}],"curies":[{"name":"wp","href":"https:\/\/api.w.org\/{rel}","templated":true}]}}