{"id":2687,"date":"2024-05-16T09:04:54","date_gmt":"2024-05-16T09:04:54","guid":{"rendered":"https:\/\/ahamimcar.com\/?post_type=product&#038;p=2687"},"modified":"2026-04-02T23:59:41","modified_gmt":"2026-04-02T23:59:41","slug":"dacia-sandero","status":"publish","type":"product","link":"https:\/\/ahamimcar.com\/ar\/car\/dacia-sandero\/","title":{"rendered":"dacia sandero"},"content":{"rendered":"","protected":false},"excerpt":{"rendered":"","protected":false},"featured_media":2728,"comment_status":"open","ping_status":"closed","template":"","meta":{"site-sidebar-layout":"no-sidebar","site-content-layout":"","ast-site-content-layout":"full-width-container","site-content-style":"default","site-sidebar-style":"default","ast-global-header-display":"","ast-banner-title-visibility":"","ast-main-header-display":"","ast-hfb-above-header-display":"","ast-hfb-below-header-display":"","ast-hfb-mobile-header-display":"","site-post-title":"disabled","ast-breadcrumbs-content":"","ast-featured-img":"disabled","footer-sml-layout":"","theme-transparent-header-meta":"default","adv-header-id-meta":"","stick-header-meta":"","header-above-stick-meta":"","header-main-stick-meta":"","header-below-stick-meta":"","astra-migrate-meta-layouts":"set","ast-page-background-enabled":"default","ast-page-background-meta":{"desktop":{"background-color":"var(--ast-global-color-4)","background-image":"","background-repeat":"repeat","background-position":"center center","background-size":"auto","background-attachment":"scroll","background-type":"","background-media":"","overlay-type":"","overlay-color":"","overlay-opacity":"","overlay-gradient":""},"tablet":{"background-color":"","background-image":"","background-repeat":"repeat","background-position":"center center","background-size":"auto","background-attachment":"scroll","background-type":"","background-media":"","overlay-type":"","overlay-color":"","overlay-opacity":"","overlay-gradient":""},"mobile":{"background-color":"","background-image":"","background-repeat":"repeat","background-position":"center center","background-size":"auto","background-attachment":"scroll","background-type":"","background-media":"","overlay-type":"","overlay-color":"","overlay-opacity":"","overlay-gradient":""}},"ast-content-background-meta":{"desktop":{"background-color":"var(--ast-global-color-5)","background-image":"","background-repeat":"repeat","background-position":"center center","background-size":"auto","background-attachment":"scroll","background-type":"","background-media":"","overlay-type":"","overlay-color":"","overlay-opacity":"","overlay-gradient":""},"tablet":{"background-color":"var(--ast-global-color-5)","background-image":"","background-repeat":"repeat","background-position":"center center","background-size":"auto","background-attachment":"scroll","background-type":"","background-media":"","overlay-type":"","overlay-color":"","overlay-opacity":"","overlay-gradient":""},"mobile":{"background-color":"var(--ast-global-color-5)","background-image":"","background-repeat":"repeat","background-position":"center center","background-size":"auto","background-attachment":"scroll","background-type":"","background-media":"","overlay-type":"","overlay-color":"","overlay-opacity":"","overlay-gradient":""}}},"product_cat":[23],"product_tag":[],"class_list":{"0":"post-2687","1":"product","2":"type-product","3":"status-publish","4":"has-post-thumbnail","6":"product_cat-non-classe","7":"desktop-align-left","8":"tablet-align-left","9":"mobile-align-left","11":"first","12":"instock","13":"shipping-taxable","14":"purchasable","15":"product-type-redq_rental"},"yoast_head":"<!-- This site is optimized with the Yoast SEO plugin v23.9 - https:\/\/yoast.com\/wordpress\/plugins\/seo\/ -->\n<title>dacia sandero | Ahamim car<\/title>\n<meta name=\"description\" content=\"dacia sandero | R\u00e9cup\u00e9rez votre voiture de location Ahamimcar d\u00e8s votre arriv\u00e9e \u00e0 l&#039;a\u00e9roport de F\u00e8s ! Notre agence de location vous propose une large gamme de voitures. Ne perdez plus de temps et r\u00e9servez d\u00e8s maintenant le voiture de location qui vous convient. R\u00e9cup\u00e9rez l\u00e0 d\u00e8s votre arriv\u00e9e \u00e0 l&#039;a\u00e9roport de F\u00e8s et partez \u00e0 la d\u00e9couverte de la capitale culturelle du Maroc.\" \/>\n<meta name=\"robots\" content=\"index, follow, max-snippet:-1, max-image-preview:large, max-video-preview:-1\" \/>\n<link rel=\"canonical\" href=\"https:\/\/ahamimcar.com\/ar\/car\/dacia-sandero\/\" \/>\n<meta property=\"og:locale\" content=\"ar_AR\" \/>\n<meta property=\"og:type\" content=\"article\" \/>\n<meta property=\"og:title\" content=\"dacia sandero | Ahamim car\" \/>\n<meta property=\"og:description\" content=\"dacia sandero | R\u00e9cup\u00e9rez votre voiture de location Ahamimcar d\u00e8s votre arriv\u00e9e \u00e0 l&#039;a\u00e9roport de F\u00e8s ! Notre agence de location vous propose une large gamme de voitures. Ne perdez plus de temps et r\u00e9servez d\u00e8s maintenant le voiture de location qui vous convient. R\u00e9cup\u00e9rez l\u00e0 d\u00e8s votre arriv\u00e9e \u00e0 l&#039;a\u00e9roport de F\u00e8s et partez \u00e0 la d\u00e9couverte de la capitale culturelle du Maroc.\" \/>\n<meta property=\"og:url\" content=\"https:\/\/ahamimcar.com\/ar\/car\/dacia-sandero\/\" \/>\n<meta property=\"og:site_name\" content=\"Ahamim car\" \/>\n<meta property=\"article:publisher\" content=\"https:\/\/www.facebook.com\/locationdesvoitures\" \/>\n<meta property=\"article:modified_time\" content=\"2026-04-02T23:59:41+00:00\" \/>\n<meta property=\"og:image\" content=\"https:\/\/ahamimcar.com\/wp-content\/uploads\/2024\/05\/dac.jpeg\" \/>\n\t<meta property=\"og:image:width\" content=\"1830\" \/>\n\t<meta property=\"og:image:height\" content=\"1214\" \/>\n\t<meta property=\"og:image:type\" content=\"image\/jpeg\" \/>\n<meta name=\"twitter:card\" content=\"summary_large_image\" \/>\n<meta name=\"twitter:label1\" content=\"\u0648\u0642\u062a \u0627\u0644\u0642\u0631\u0627\u0621\u0629 \u0627\u0644\u0645\u064f\u0642\u062f\u0651\u0631\" \/>\n\t<meta name=\"twitter:data1\" content=\"\u062f\u0642\u064a\u0642\u0629 \u0648\u0627\u062d\u062f\u0629\" \/>\n<script type=\"application\/ld+json\" class=\"yoast-schema-graph\">{\"@context\":\"https:\/\/schema.org\",\"@graph\":[{\"@type\":\"WebPage\",\"@id\":\"https:\/\/ahamimcar.com\/car\/dacia-sandero\/\",\"url\":\"https:\/\/ahamimcar.com\/car\/dacia-sandero\/\",\"name\":\"dacia sandero | Ahamim car\",\"isPartOf\":{\"@id\":\"https:\/\/ahamimcar.com\/#website\"},\"primaryImageOfPage\":{\"@id\":\"https:\/\/ahamimcar.com\/car\/dacia-sandero\/#primaryimage\"},\"image\":{\"@id\":\"https:\/\/ahamimcar.com\/car\/dacia-sandero\/#primaryimage\"},\"thumbnailUrl\":\"https:\/\/ahamimcar.com\/wp-content\/uploads\/2024\/05\/dac.jpeg\",\"datePublished\":\"2024-05-16T09:04:54+00:00\",\"dateModified\":\"2026-04-02T23:59:41+00:00\",\"description\":\"dacia sandero | R\u00e9cup\u00e9rez votre voiture de location Ahamimcar d\u00e8s votre arriv\u00e9e \u00e0 l'a\u00e9roport de F\u00e8s ! Notre agence de location vous propose une large gamme de voitures. Ne perdez plus de temps et r\u00e9servez d\u00e8s maintenant le voiture de location qui vous convient. R\u00e9cup\u00e9rez l\u00e0 d\u00e8s votre arriv\u00e9e \u00e0 l'a\u00e9roport de F\u00e8s et partez \u00e0 la d\u00e9couverte de la capitale culturelle du Maroc.\",\"breadcrumb\":{\"@id\":\"https:\/\/ahamimcar.com\/car\/dacia-sandero\/#breadcrumb\"},\"inLanguage\":\"ar\",\"potentialAction\":[{\"@type\":\"ReadAction\",\"target\":[\"https:\/\/ahamimcar.com\/car\/dacia-sandero\/\"]}]},{\"@type\":\"ImageObject\",\"inLanguage\":\"ar\",\"@id\":\"https:\/\/ahamimcar.com\/car\/dacia-sandero\/#primaryimage\",\"url\":\"https:\/\/ahamimcar.com\/wp-content\/uploads\/2024\/05\/dac.jpeg\",\"contentUrl\":\"https:\/\/ahamimcar.com\/wp-content\/uploads\/2024\/05\/dac.jpeg\",\"width\":1830,\"height\":1214},{\"@type\":\"BreadcrumbList\",\"@id\":\"https:\/\/ahamimcar.com\/car\/dacia-sandero\/#breadcrumb\",\"itemListElement\":[{\"@type\":\"ListItem\",\"position\":1,\"name\":\"Accueil\",\"item\":\"https:\/\/ahamimcar.com\/\"},{\"@type\":\"ListItem\",\"position\":2,\"name\":\"Boutique\",\"item\":\"https:\/\/ahamimcar.com\/en\/boutique\/\"},{\"@type\":\"ListItem\",\"position\":3,\"name\":\"dacia sandero\"}]},{\"@type\":\"WebSite\",\"@id\":\"https:\/\/ahamimcar.com\/#website\",\"url\":\"https:\/\/ahamimcar.com\/\",\"name\":\"Ahamim car\",\"description\":\"Location de voitures f\u00e8s saiss\",\"publisher\":{\"@id\":\"https:\/\/ahamimcar.com\/#organization\"},\"potentialAction\":[{\"@type\":\"SearchAction\",\"target\":{\"@type\":\"EntryPoint\",\"urlTemplate\":\"https:\/\/ahamimcar.com\/?s={search_term_string}\"},\"query-input\":{\"@type\":\"PropertyValueSpecification\",\"valueRequired\":true,\"valueName\":\"search_term_string\"}}],\"inLanguage\":\"ar\"},{\"@type\":\"Organization\",\"@id\":\"https:\/\/ahamimcar.com\/#organization\",\"name\":\"Ahamim car\",\"url\":\"https:\/\/ahamimcar.com\/\",\"logo\":{\"@type\":\"ImageObject\",\"inLanguage\":\"ar\",\"@id\":\"https:\/\/ahamimcar.com\/#\/schema\/logo\/image\/\",\"url\":\"https:\/\/ahamimcar.com\/wp-content\/uploads\/2023\/05\/ahamimcard-logo.png\",\"contentUrl\":\"https:\/\/ahamimcar.com\/wp-content\/uploads\/2023\/05\/ahamimcard-logo.png\",\"width\":500,\"height\":207,\"caption\":\"Ahamim car\"},\"image\":{\"@id\":\"https:\/\/ahamimcar.com\/#\/schema\/logo\/image\/\"},\"sameAs\":[\"https:\/\/www.facebook.com\/locationdesvoitures\"]}]}<\/script>\n<!-- \/ Yoast SEO plugin. -->","yoast_head_json":{"title":"dacia sandero | Ahamim car","description":"dacia sandero | R\u00e9cup\u00e9rez votre voiture de location Ahamimcar d\u00e8s votre arriv\u00e9e \u00e0 l'a\u00e9roport de F\u00e8s ! Notre agence de location vous propose une large gamme de voitures. Ne perdez plus de temps et r\u00e9servez d\u00e8s maintenant le voiture de location qui vous convient. R\u00e9cup\u00e9rez l\u00e0 d\u00e8s votre arriv\u00e9e \u00e0 l'a\u00e9roport de F\u00e8s et partez \u00e0 la d\u00e9couverte de la capitale culturelle du Maroc.","robots":{"index":"index","follow":"follow","max-snippet":"max-snippet:-1","max-image-preview":"max-image-preview:large","max-video-preview":"max-video-preview:-1"},"canonical":"https:\/\/ahamimcar.com\/ar\/car\/dacia-sandero\/","og_locale":"ar_AR","og_type":"article","og_title":"dacia sandero | Ahamim car","og_description":"dacia sandero | R\u00e9cup\u00e9rez votre voiture de location Ahamimcar d\u00e8s votre arriv\u00e9e \u00e0 l'a\u00e9roport de F\u00e8s ! Notre agence de location vous propose une large gamme de voitures. Ne perdez plus de temps et r\u00e9servez d\u00e8s maintenant le voiture de location qui vous convient. R\u00e9cup\u00e9rez l\u00e0 d\u00e8s votre arriv\u00e9e \u00e0 l'a\u00e9roport de F\u00e8s et partez \u00e0 la d\u00e9couverte de la capitale culturelle du Maroc.","og_url":"https:\/\/ahamimcar.com\/ar\/car\/dacia-sandero\/","og_site_name":"Ahamim car","article_publisher":"https:\/\/www.facebook.com\/locationdesvoitures","article_modified_time":"2026-04-02T23:59:41+00:00","og_image":[{"width":1830,"height":1214,"url":"https:\/\/ahamimcar.com\/wp-content\/uploads\/2024\/05\/dac.jpeg","type":"image\/jpeg"}],"twitter_card":"summary_large_image","twitter_misc":{"\u0648\u0642\u062a \u0627\u0644\u0642\u0631\u0627\u0621\u0629 \u0627\u0644\u0645\u064f\u0642\u062f\u0651\u0631":"\u062f\u0642\u064a\u0642\u0629 \u0648\u0627\u062d\u062f\u0629"},"schema":{"@context":"https:\/\/schema.org","@graph":[{"@type":"WebPage","@id":"https:\/\/ahamimcar.com\/car\/dacia-sandero\/","url":"https:\/\/ahamimcar.com\/car\/dacia-sandero\/","name":"dacia sandero | Ahamim car","isPartOf":{"@id":"https:\/\/ahamimcar.com\/#website"},"primaryImageOfPage":{"@id":"https:\/\/ahamimcar.com\/car\/dacia-sandero\/#primaryimage"},"image":{"@id":"https:\/\/ahamimcar.com\/car\/dacia-sandero\/#primaryimage"},"thumbnailUrl":"https:\/\/ahamimcar.com\/wp-content\/uploads\/2024\/05\/dac.jpeg","datePublished":"2024-05-16T09:04:54+00:00","dateModified":"2026-04-02T23:59:41+00:00","description":"dacia sandero | R\u00e9cup\u00e9rez votre voiture de location Ahamimcar d\u00e8s votre arriv\u00e9e \u00e0 l'a\u00e9roport de F\u00e8s ! Notre agence de location vous propose une large gamme de voitures. Ne perdez plus de temps et r\u00e9servez d\u00e8s maintenant le voiture de location qui vous convient. R\u00e9cup\u00e9rez l\u00e0 d\u00e8s votre arriv\u00e9e \u00e0 l'a\u00e9roport de F\u00e8s et partez \u00e0 la d\u00e9couverte de la capitale culturelle du Maroc.","breadcrumb":{"@id":"https:\/\/ahamimcar.com\/car\/dacia-sandero\/#breadcrumb"},"inLanguage":"ar","potentialAction":[{"@type":"ReadAction","target":["https:\/\/ahamimcar.com\/car\/dacia-sandero\/"]}]},{"@type":"ImageObject","inLanguage":"ar","@id":"https:\/\/ahamimcar.com\/car\/dacia-sandero\/#primaryimage","url":"https:\/\/ahamimcar.com\/wp-content\/uploads\/2024\/05\/dac.jpeg","contentUrl":"https:\/\/ahamimcar.com\/wp-content\/uploads\/2024\/05\/dac.jpeg","width":1830,"height":1214},{"@type":"BreadcrumbList","@id":"https:\/\/ahamimcar.com\/car\/dacia-sandero\/#breadcrumb","itemListElement":[{"@type":"ListItem","position":1,"name":"Accueil","item":"https:\/\/ahamimcar.com\/"},{"@type":"ListItem","position":2,"name":"Boutique","item":"https:\/\/ahamimcar.com\/en\/boutique\/"},{"@type":"ListItem","position":3,"name":"dacia sandero"}]},{"@type":"WebSite","@id":"https:\/\/ahamimcar.com\/#website","url":"https:\/\/ahamimcar.com\/","name":"Ahamim car","description":"Location de voitures f\u00e8s saiss","publisher":{"@id":"https:\/\/ahamimcar.com\/#organization"},"potentialAction":[{"@type":"SearchAction","target":{"@type":"EntryPoint","urlTemplate":"https:\/\/ahamimcar.com\/?s={search_term_string}"},"query-input":{"@type":"PropertyValueSpecification","valueRequired":true,"valueName":"search_term_string"}}],"inLanguage":"ar"},{"@type":"Organization","@id":"https:\/\/ahamimcar.com\/#organization","name":"Ahamim car","url":"https:\/\/ahamimcar.com\/","logo":{"@type":"ImageObject","inLanguage":"ar","@id":"https:\/\/ahamimcar.com\/#\/schema\/logo\/image\/","url":"https:\/\/ahamimcar.com\/wp-content\/uploads\/2023\/05\/ahamimcard-logo.png","contentUrl":"https:\/\/ahamimcar.com\/wp-content\/uploads\/2023\/05\/ahamimcard-logo.png","width":500,"height":207,"caption":"Ahamim car"},"image":{"@id":"https:\/\/ahamimcar.com\/#\/schema\/logo\/image\/"},"sameAs":["https:\/\/www.facebook.com\/locationdesvoitures"]}]}},"_links":{"self":[{"href":"https:\/\/ahamimcar.com\/ar\/wp-json\/wp\/v2\/product\/2687"}],"collection":[{"href":"https:\/\/ahamimcar.com\/ar\/wp-json\/wp\/v2\/product"}],"about":[{"href":"https:\/\/ahamimcar.com\/ar\/wp-json\/wp\/v2\/types\/product"}],"replies":[{"embeddable":true,"href":"https:\/\/ahamimcar.com\/ar\/wp-json\/wp\/v2\/comments?post=2687"}],"version-history":[{"count":2,"href":"https:\/\/ahamimcar.com\/ar\/wp-json\/wp\/v2\/product\/2687\/revisions"}],"predecessor-version":[{"id":2729,"href":"https:\/\/ahamimcar.com\/ar\/wp-json\/wp\/v2\/product\/2687\/revisions\/2729"}],"wp:featuredmedia":[{"embeddable":true,"href":"https:\/\/ahamimcar.com\/ar\/wp-json\/wp\/v2\/media\/2728"}],"wp:attachment":[{"href":"https:\/\/ahamimcar.com\/ar\/wp-json\/wp\/v2\/media?parent=2687"}],"wp:term":[{"taxonomy":"product_cat","embeddable":true,"href":"https:\/\/ahamimcar.com\/ar\/wp-json\/wp\/v2\/product_cat?post=2687"},{"taxonomy":"product_tag","embeddable":true,"href":"https:\/\/ahamimcar.com\/ar\/wp-json\/wp\/v2\/product_tag?post=2687"}],"curies":[{"name":"wp","href":"https:\/\/api.w.org\/{rel}","templated":true}]}}