{"id":193,"date":"2017-08-16T08:50:13","date_gmt":"2017-08-16T08:50:13","guid":{"rendered":"https:\/\/ahamimcar.foxneer.com\/?page_id=193"},"modified":"2023-06-01T18:34:45","modified_gmt":"2023-06-01T18:34:45","slug":"about","status":"publish","type":"page","link":"https:\/\/ahamimcar.com\/en\/about\/","title":{"rendered":"About us"},"content":{"rendered":"<div data-elementor-type=\"wp-post\" data-elementor-id=\"193\" class=\"elementor elementor-193\" data-elementor-post-type=\"page\">\n\t\t\t\t\t\t<section class=\"elementor-section elementor-top-section elementor-element elementor-element-fc841c1 elementor-section-boxed elementor-section-height-default elementor-section-height-default\" data-id=\"fc841c1\" data-element_type=\"section\" data-settings=\"{&quot;background_background&quot;:&quot;classic&quot;}\">\n\t\t\t\t\t\t\t<div class=\"elementor-background-overlay\"><\/div>\n\t\t\t\t\t\t\t<div class=\"elementor-container elementor-column-gap-no\">\n\t\t\t\t\t<div class=\"elementor-column elementor-col-100 elementor-top-column elementor-element elementor-element-d9eec21\" data-id=\"d9eec21\" data-element_type=\"column\" data-settings=\"{&quot;background_background&quot;:&quot;classic&quot;}\">\n\t\t\t<div class=\"elementor-widget-wrap elementor-element-populated\">\n\t\t\t\t\t\t<div class=\"elementor-element elementor-element-99e26b7 elementor-widget elementor-widget-heading\" data-id=\"99e26b7\" data-element_type=\"widget\" data-widget_type=\"heading.default\">\n\t\t\t\t<div class=\"elementor-widget-container\">\n\t\t\t<h6 class=\"elementor-heading-title elementor-size-default\">About us<\/h6>\t\t<\/div>\n\t\t\t\t<\/div>\n\t\t\t\t<div class=\"elementor-element elementor-element-2dcda6d elementor-widget elementor-widget-heading\" data-id=\"2dcda6d\" data-element_type=\"widget\" data-widget_type=\"heading.default\">\n\t\t\t\t<div class=\"elementor-widget-container\">\n\t\t\t<h1 class=\"elementor-heading-title elementor-size-default\">Great cars for you<\/h1>\t\t<\/div>\n\t\t\t\t<\/div>\n\t\t\t\t<div class=\"elementor-element elementor-element-f318848 elementor-widget-divider--view-line elementor-widget elementor-widget-divider\" data-id=\"f318848\" data-element_type=\"widget\" data-widget_type=\"divider.default\">\n\t\t\t\t<div class=\"elementor-widget-container\">\n\t\t\t\t\t<div class=\"elementor-divider\">\n\t\t\t<span class=\"elementor-divider-separator\">\n\t\t\t\t\t\t<\/span>\n\t\t<\/div>\n\t\t\t\t<\/div>\n\t\t\t\t<\/div>\n\t\t\t\t<div class=\"elementor-element elementor-element-376ae1d elementor-widget elementor-widget-text-editor\" data-id=\"376ae1d\" data-element_type=\"widget\" data-widget_type=\"text-editor.default\">\n\t\t\t\t<div class=\"elementor-widget-container\">\n\t\t\t\t\t\t\t<p>Lorsque vous choisissez AhamimCar, vous pouvez \u00eatre s\u00fbr d&rsquo;avoir fait le meilleur choix. D\u00e9couvrez la diff\u00e9rence AhamimCar et embarquez pour votre voyage en toute confiance, sachant que vous \u00eates entre les mains d&rsquo;une agence de location de voitures qui d\u00e9passera vos attentes \u00e0 chaque fois.<\/p>\t\t\t\t\t\t<\/div>\n\t\t\t\t<\/div>\n\t\t\t\t\t<\/div>\n\t\t<\/div>\n\t\t\t\t\t<\/div>\n\t\t<\/section>\n\t\t\t\t<section class=\"elementor-section elementor-top-section elementor-element elementor-element-2c3a4e1 elementor-section-boxed elementor-section-height-default elementor-section-height-default\" data-id=\"2c3a4e1\" data-element_type=\"section\" data-settings=\"{&quot;background_background&quot;:&quot;classic&quot;}\">\n\t\t\t\t\t\t<div class=\"elementor-container elementor-column-gap-no\">\n\t\t\t\t\t<div class=\"elementor-column elementor-col-100 elementor-top-column elementor-element elementor-element-eef1789\" data-id=\"eef1789\" data-element_type=\"column\">\n\t\t\t<div class=\"elementor-widget-wrap elementor-element-populated\">\n\t\t\t\t\t\t<div class=\"elementor-element elementor-element-3bbcdbf elementor-widget elementor-widget-heading\" data-id=\"3bbcdbf\" data-element_type=\"widget\" data-widget_type=\"heading.default\">\n\t\t\t\t<div class=\"elementor-widget-container\">\n\t\t\t<h2 class=\"elementor-heading-title elementor-size-default\">Ahamim car<\/h2>\t\t<\/div>\n\t\t\t\t<\/div>\n\t\t\t\t<div class=\"elementor-element elementor-element-5f56771 elementor-widget-divider--view-line elementor-widget elementor-widget-divider\" data-id=\"5f56771\" data-element_type=\"widget\" data-widget_type=\"divider.default\">\n\t\t\t\t<div class=\"elementor-widget-container\">\n\t\t\t\t\t<div class=\"elementor-divider\">\n\t\t\t<span class=\"elementor-divider-separator\">\n\t\t\t\t\t\t<\/span>\n\t\t<\/div>\n\t\t\t\t<\/div>\n\t\t\t\t<\/div>\n\t\t\t\t<div class=\"elementor-element elementor-element-a312038 elementor-widget elementor-widget-text-editor\" data-id=\"a312038\" data-element_type=\"widget\" data-widget_type=\"text-editor.default\">\n\t\t\t\t<div class=\"elementor-widget-container\">\n\t\t\t\t\t\t\t<p>Welcome to AhamimCar, your trusted car rental agency!<\/p><p>Chez AhamimCar, nous comprenons que la mobilit\u00e9 est essentielle \u00e0 votre quotidien. C&rsquo;est pourquoi nous nous effor\u00e7ons de fournir un service de location de voitures fiable et pratique pour r\u00e9pondre \u00e0 tous vos besoins en mati\u00e8re de d\u00e9placement. Que vous voyagiez pour affaires ou pour le plaisir, notre \u00e9quipe d\u00e9vou\u00e9e est l\u00e0 pour vous offrir une exp\u00e9rience de location exceptionnelle.<\/p><p>Our diverse and well-maintained fleet of vehicles includes a wide selection of cars of different models and categories. Whatever the size of your group or the nature of your trip, we have the perfect car for you. From economy cars for city driving, to stylish sedans for business trips, to spacious SUVs for family trips, we've got you covered.<\/p><p>Chez AhamimCar, nous mettons un point d&rsquo;honneur \u00e0 vous offrir une exp\u00e9rience de location sans tracas. Notre processus de r\u00e9servation en ligne est simple et rapide, vous permettant de r\u00e9server votre voiture en quelques clics. De plus, notre \u00e9quipe amicale et professionnelle est toujours pr\u00eate \u00e0 vous aider et \u00e0 r\u00e9pondre \u00e0 toutes vos questions pour vous assurer de faire le meilleur choix de location.<\/p><p>Nous croyons \u00e9galement en la transparence des prix. Chez AhamimCar, vous b\u00e9n\u00e9ficierez de tarifs comp\u00e9titifs et de forfaits flexibles adapt\u00e9s \u00e0 votre budget. Nous vous offrons \u00e9galement des options d&rsquo;assurance compl\u00e8tes pour une tranquillit\u00e9 d&rsquo;esprit totale pendant votre location.<\/p><p>The satisfaction of our customers is our top priority. We strive to exceed your expectations at every stage of your rental experience. Whether it's offering friendly and personalized service, providing you with immaculate and well-maintained cars, or being on hand to assist you throughout your journey, we are committed to making your experience with AhamimCar memorable and enjoyable.<\/p><p>Faites confiance \u00e0 AhamimCar pour tous vos besoins de location de voitures. Contactez-nous d\u00e8s aujourd&rsquo;hui et d\u00e9couvrez pourquoi nous sommes le choix privil\u00e9gi\u00e9 de nombreux voyageurs soucieux de la qualit\u00e9 et du service. Avec AhamimCar, vous pouvez conduire en toute confiance et atteindre votre destination en toute s\u00e9r\u00e9nit\u00e9.<\/p>\t\t\t\t\t\t<\/div>\n\t\t\t\t<\/div>\n\t\t\t\t\t<\/div>\n\t\t<\/div>\n\t\t\t\t\t<\/div>\n\t\t<\/section>\n\t\t\t\t<section class=\"elementor-section elementor-top-section elementor-element elementor-element-cd8cb88 elementor-section-boxed elementor-section-height-default elementor-section-height-default\" data-id=\"cd8cb88\" data-element_type=\"section\" data-settings=\"{&quot;background_background&quot;:&quot;gradient&quot;}\">\n\t\t\t\t\t\t\t<div class=\"elementor-background-overlay\"><\/div>\n\t\t\t\t\t\t\t<div class=\"elementor-container elementor-column-gap-no\">\n\t\t\t\t\t<div class=\"elementor-column elementor-col-100 elementor-top-column elementor-element elementor-element-94c4126\" data-id=\"94c4126\" data-element_type=\"column\" data-settings=\"{&quot;background_background&quot;:&quot;classic&quot;}\">\n\t\t\t<div class=\"elementor-widget-wrap elementor-element-populated\">\n\t\t\t\t\t\t<div class=\"elementor-element elementor-element-2e0de8e elementor-widget elementor-widget-heading\" data-id=\"2e0de8e\" data-element_type=\"widget\" data-widget_type=\"heading.default\">\n\t\t\t\t<div class=\"elementor-widget-container\">\n\t\t\t<h6 class=\"elementor-heading-title elementor-size-default\">Contact us<\/h6>\t\t<\/div>\n\t\t\t\t<\/div>\n\t\t\t\t<div class=\"elementor-element elementor-element-bfaeca0 elementor-widget elementor-widget-heading\" data-id=\"bfaeca0\" data-element_type=\"widget\" data-widget_type=\"heading.default\">\n\t\t\t\t<div class=\"elementor-widget-container\">\n\t\t\t<h2 class=\"elementor-heading-title elementor-size-default\">+212661350957<\/h2>\t\t<\/div>\n\t\t\t\t<\/div>\n\t\t\t\t<div class=\"elementor-element elementor-element-cdd376b elementor-widget-divider--view-line elementor-widget elementor-widget-divider\" data-id=\"cdd376b\" data-element_type=\"widget\" data-widget_type=\"divider.default\">\n\t\t\t\t<div class=\"elementor-widget-container\">\n\t\t\t\t\t<div class=\"elementor-divider\">\n\t\t\t<span class=\"elementor-divider-separator\">\n\t\t\t\t\t\t<\/span>\n\t\t<\/div>\n\t\t\t\t<\/div>\n\t\t\t\t<\/div>\n\t\t\t\t<div class=\"elementor-element elementor-element-906c75c elementor-widget elementor-widget-heading\" data-id=\"906c75c\" data-element_type=\"widget\" data-widget_type=\"heading.default\">\n\t\t\t\t<div class=\"elementor-widget-container\">\n\t\t\t<h6 class=\"elementor-heading-title elementor-size-default\">Book Now<\/h6>\t\t<\/div>\n\t\t\t\t<\/div>\n\t\t\t\t<div class=\"elementor-element elementor-element-d3ace40 elementor-align-center elementor-mobile-align-center elementor-widget elementor-widget-button\" data-id=\"d3ace40\" data-element_type=\"widget\" data-widget_type=\"button.default\">\n\t\t\t\t<div class=\"elementor-widget-container\">\n\t\t\t\t\t\t\t<div class=\"elementor-button-wrapper\">\n\t\t\t\t\t<a class=\"elementor-button elementor-button-link elementor-size-md\" href=\"https:\/\/ahamimcar.com\/en\/location-de-voiture\/\">\n\t\t\t\t\t\t<span class=\"elementor-button-content-wrapper\">\n\t\t\t\t\t\t<span class=\"elementor-button-icon\">\n\t\t\t\t<i aria-hidden=\"true\" class=\"far fa-calendar-check\"><\/i>\t\t\t<\/span>\n\t\t\t\t\t\t\t\t\t<span class=\"elementor-button-text\">Book<\/span>\n\t\t\t\t\t<\/span>\n\t\t\t\t\t<\/a>\n\t\t\t\t<\/div>\n\t\t\t\t\t\t<\/div>\n\t\t\t\t<\/div>\n\t\t\t\t\t<\/div>\n\t\t<\/div>\n\t\t\t\t\t<\/div>\n\t\t<\/section>\n\t\t\t\t<\/div>","protected":false},"excerpt":{"rendered":"<p>Excellentes voitures pour vous Lorsque vous choisissez AhamimCar, vous pouvez \u00eatre s\u00fbr d&rsquo;avoir fait le meilleur choix. D\u00e9couvrez la diff\u00e9rence [&hellip;]<\/p>","protected":false},"author":2,"featured_media":0,"parent":0,"menu_order":0,"comment_status":"closed","ping_status":"closed","template":"","meta":{"site-sidebar-layout":"no-sidebar","site-content-layout":"page-builder","ast-site-content-layout":"","site-content-style":"default","site-sidebar-style":"default","ast-global-header-display":"","ast-banner-title-visibility":"","ast-main-header-display":"","ast-hfb-above-header-display":"","ast-hfb-below-header-display":"","ast-hfb-mobile-header-display":"","site-post-title":"disabled","ast-breadcrumbs-content":"","ast-featured-img":"disabled","footer-sml-layout":"","theme-transparent-header-meta":"enabled","adv-header-id-meta":"","stick-header-meta":"","header-above-stick-meta":"","header-main-stick-meta":"","header-below-stick-meta":"","astra-migrate-meta-layouts":"default","ast-page-background-enabled":"default","ast-page-background-meta":{"desktop":{"background-color":"var(--ast-global-color-4)","background-image":"","background-repeat":"repeat","background-position":"center center","background-size":"auto","background-attachment":"scroll","background-type":"","background-media":"","overlay-type":"","overlay-color":"","overlay-opacity":"","overlay-gradient":""},"tablet":{"background-color":"","background-image":"","background-repeat":"repeat","background-position":"center center","background-size":"auto","background-attachment":"scroll","background-type":"","background-media":"","overlay-type":"","overlay-color":"","overlay-opacity":"","overlay-gradient":""},"mobile":{"background-color":"","background-image":"","background-repeat":"repeat","background-position":"center center","background-size":"auto","background-attachment":"scroll","background-type":"","background-media":"","overlay-type":"","overlay-color":"","overlay-opacity":"","overlay-gradient":""}},"ast-content-background-meta":{"desktop":{"background-color":"var(--ast-global-color-5)","background-image":"","background-repeat":"repeat","background-position":"center center","background-size":"auto","background-attachment":"scroll","background-type":"","background-media":"","overlay-type":"","overlay-color":"","overlay-opacity":"","overlay-gradient":""},"tablet":{"background-color":"var(--ast-global-color-5)","background-image":"","background-repeat":"repeat","background-position":"center center","background-size":"auto","background-attachment":"scroll","background-type":"","background-media":"","overlay-type":"","overlay-color":"","overlay-opacity":"","overlay-gradient":""},"mobile":{"background-color":"var(--ast-global-color-5)","background-image":"","background-repeat":"repeat","background-position":"center center","background-size":"auto","background-attachment":"scroll","background-type":"","background-media":"","overlay-type":"","overlay-color":"","overlay-opacity":"","overlay-gradient":""}},"footnotes":""},"class_list":["post-193","page","type-page","status-publish","hentry"],"yoast_head":"<!-- This site is optimized with the Yoast SEO plugin v23.9 - https:\/\/yoast.com\/wordpress\/plugins\/seo\/ -->\n<title>Qui sommes nous | Ahamim car<\/title>\n<meta name=\"robots\" content=\"index, follow, max-snippet:-1, max-image-preview:large, max-video-preview:-1\" \/>\n<link rel=\"canonical\" href=\"https:\/\/ahamimcar.com\/en\/about\/\" \/>\n<meta property=\"og:locale\" content=\"en_US\" \/>\n<meta property=\"og:type\" content=\"article\" \/>\n<meta property=\"og:title\" content=\"Qui sommes nous | Ahamim car\" \/>\n<meta property=\"og:description\" content=\"Excellentes voitures pour vous Lorsque vous choisissez AhamimCar, vous pouvez \u00eatre s\u00fbr d&rsquo;avoir fait le meilleur choix. D\u00e9couvrez la diff\u00e9rence [&hellip;]\" \/>\n<meta property=\"og:url\" content=\"https:\/\/ahamimcar.com\/en\/about\/\" \/>\n<meta property=\"og:site_name\" content=\"Ahamim car\" \/>\n<meta property=\"article:publisher\" content=\"https:\/\/www.facebook.com\/locationdesvoitures\" \/>\n<meta property=\"article:modified_time\" content=\"2023-06-01T18:34:45+00:00\" \/>\n<meta property=\"og:image\" content=\"https:\/\/ahamimcar.com\/wp-content\/uploads\/2023\/06\/ahamimcard-logo.jpg\" \/>\n\t<meta property=\"og:image:width\" content=\"500\" \/>\n\t<meta property=\"og:image:height\" content=\"500\" \/>\n\t<meta property=\"og:image:type\" content=\"image\/jpeg\" \/>\n<meta name=\"twitter:card\" content=\"summary_large_image\" \/>\n<meta name=\"twitter:label1\" content=\"Est. reading time\" \/>\n\t<meta name=\"twitter:data1\" content=\"3 minutes\" \/>\n<script type=\"application\/ld+json\" class=\"yoast-schema-graph\">{\"@context\":\"https:\/\/schema.org\",\"@graph\":[{\"@type\":\"WebPage\",\"@id\":\"https:\/\/ahamimcar.com\/about\/\",\"url\":\"https:\/\/ahamimcar.com\/about\/\",\"name\":\"Qui sommes nous | Ahamim car\",\"isPartOf\":{\"@id\":\"https:\/\/ahamimcar.com\/#website\"},\"datePublished\":\"2017-08-16T08:50:13+00:00\",\"dateModified\":\"2023-06-01T18:34:45+00:00\",\"breadcrumb\":{\"@id\":\"https:\/\/ahamimcar.com\/about\/#breadcrumb\"},\"inLanguage\":\"en-US\",\"potentialAction\":[{\"@type\":\"ReadAction\",\"target\":[\"https:\/\/ahamimcar.com\/about\/\"]}]},{\"@type\":\"BreadcrumbList\",\"@id\":\"https:\/\/ahamimcar.com\/about\/#breadcrumb\",\"itemListElement\":[{\"@type\":\"ListItem\",\"position\":1,\"name\":\"Accueil\",\"item\":\"https:\/\/ahamimcar.com\/\"},{\"@type\":\"ListItem\",\"position\":2,\"name\":\"Qui sommes nous\"}]},{\"@type\":\"WebSite\",\"@id\":\"https:\/\/ahamimcar.com\/#website\",\"url\":\"https:\/\/ahamimcar.com\/\",\"name\":\"Ahamim car\",\"description\":\"Location de voitures f\u00e8s saiss\",\"publisher\":{\"@id\":\"https:\/\/ahamimcar.com\/#organization\"},\"potentialAction\":[{\"@type\":\"SearchAction\",\"target\":{\"@type\":\"EntryPoint\",\"urlTemplate\":\"https:\/\/ahamimcar.com\/?s={search_term_string}\"},\"query-input\":{\"@type\":\"PropertyValueSpecification\",\"valueRequired\":true,\"valueName\":\"search_term_string\"}}],\"inLanguage\":\"en-US\"},{\"@type\":\"Organization\",\"@id\":\"https:\/\/ahamimcar.com\/#organization\",\"name\":\"Ahamim car\",\"url\":\"https:\/\/ahamimcar.com\/\",\"logo\":{\"@type\":\"ImageObject\",\"inLanguage\":\"en-US\",\"@id\":\"https:\/\/ahamimcar.com\/#\/schema\/logo\/image\/\",\"url\":\"https:\/\/ahamimcar.com\/wp-content\/uploads\/2023\/05\/ahamimcard-logo.png\",\"contentUrl\":\"https:\/\/ahamimcar.com\/wp-content\/uploads\/2023\/05\/ahamimcard-logo.png\",\"width\":500,\"height\":207,\"caption\":\"Ahamim car\"},\"image\":{\"@id\":\"https:\/\/ahamimcar.com\/#\/schema\/logo\/image\/\"},\"sameAs\":[\"https:\/\/www.facebook.com\/locationdesvoitures\"]}]}<\/script>\n<!-- \/ Yoast SEO plugin. -->","yoast_head_json":{"title":"Qui sommes nous | Ahamim car","robots":{"index":"index","follow":"follow","max-snippet":"max-snippet:-1","max-image-preview":"max-image-preview:large","max-video-preview":"max-video-preview:-1"},"canonical":"https:\/\/ahamimcar.com\/en\/about\/","og_locale":"en_US","og_type":"article","og_title":"Qui sommes nous | Ahamim car","og_description":"Excellentes voitures pour vous Lorsque vous choisissez AhamimCar, vous pouvez \u00eatre s\u00fbr d&rsquo;avoir fait le meilleur choix. D\u00e9couvrez la diff\u00e9rence [&hellip;]","og_url":"https:\/\/ahamimcar.com\/en\/about\/","og_site_name":"Ahamim car","article_publisher":"https:\/\/www.facebook.com\/locationdesvoitures","article_modified_time":"2023-06-01T18:34:45+00:00","og_image":[{"width":500,"height":500,"url":"https:\/\/ahamimcar.com\/wp-content\/uploads\/2023\/06\/ahamimcard-logo.jpg","type":"image\/jpeg"}],"twitter_card":"summary_large_image","twitter_misc":{"Est. reading time":"3 minutes"},"schema":{"@context":"https:\/\/schema.org","@graph":[{"@type":"WebPage","@id":"https:\/\/ahamimcar.com\/about\/","url":"https:\/\/ahamimcar.com\/about\/","name":"Qui sommes nous | Ahamim car","isPartOf":{"@id":"https:\/\/ahamimcar.com\/#website"},"datePublished":"2017-08-16T08:50:13+00:00","dateModified":"2023-06-01T18:34:45+00:00","breadcrumb":{"@id":"https:\/\/ahamimcar.com\/about\/#breadcrumb"},"inLanguage":"en-US","potentialAction":[{"@type":"ReadAction","target":["https:\/\/ahamimcar.com\/about\/"]}]},{"@type":"BreadcrumbList","@id":"https:\/\/ahamimcar.com\/about\/#breadcrumb","itemListElement":[{"@type":"ListItem","position":1,"name":"Accueil","item":"https:\/\/ahamimcar.com\/"},{"@type":"ListItem","position":2,"name":"Qui sommes nous"}]},{"@type":"WebSite","@id":"https:\/\/ahamimcar.com\/#website","url":"https:\/\/ahamimcar.com\/","name":"Ahamim car","description":"Location de voitures f\u00e8s saiss","publisher":{"@id":"https:\/\/ahamimcar.com\/#organization"},"potentialAction":[{"@type":"SearchAction","target":{"@type":"EntryPoint","urlTemplate":"https:\/\/ahamimcar.com\/?s={search_term_string}"},"query-input":{"@type":"PropertyValueSpecification","valueRequired":true,"valueName":"search_term_string"}}],"inLanguage":"en-US"},{"@type":"Organization","@id":"https:\/\/ahamimcar.com\/#organization","name":"Ahamim car","url":"https:\/\/ahamimcar.com\/","logo":{"@type":"ImageObject","inLanguage":"en-US","@id":"https:\/\/ahamimcar.com\/#\/schema\/logo\/image\/","url":"https:\/\/ahamimcar.com\/wp-content\/uploads\/2023\/05\/ahamimcard-logo.png","contentUrl":"https:\/\/ahamimcar.com\/wp-content\/uploads\/2023\/05\/ahamimcard-logo.png","width":500,"height":207,"caption":"Ahamim car"},"image":{"@id":"https:\/\/ahamimcar.com\/#\/schema\/logo\/image\/"},"sameAs":["https:\/\/www.facebook.com\/locationdesvoitures"]}]}},"_links":{"self":[{"href":"https:\/\/ahamimcar.com\/en\/wp-json\/wp\/v2\/pages\/193"}],"collection":[{"href":"https:\/\/ahamimcar.com\/en\/wp-json\/wp\/v2\/pages"}],"about":[{"href":"https:\/\/ahamimcar.com\/en\/wp-json\/wp\/v2\/types\/page"}],"author":[{"embeddable":true,"href":"https:\/\/ahamimcar.com\/en\/wp-json\/wp\/v2\/users\/2"}],"replies":[{"embeddable":true,"href":"https:\/\/ahamimcar.com\/en\/wp-json\/wp\/v2\/comments?post=193"}],"version-history":[{"count":0,"href":"https:\/\/ahamimcar.com\/en\/wp-json\/wp\/v2\/pages\/193\/revisions"}],"wp:attachment":[{"href":"https:\/\/ahamimcar.com\/en\/wp-json\/wp\/v2\/media?parent=193"}],"curies":[{"name":"wp","href":"https:\/\/api.w.org\/{rel}","templated":true}]}}