{"id":2178,"date":"2024-01-07T01:01:38","date_gmt":"2024-01-07T01:01:38","guid":{"rendered":"https:\/\/ahamimcar.foxneer.com\/?post_type=product&#038;p=2178"},"modified":"2026-03-22T22:30:12","modified_gmt":"2026-03-22T22:30:12","slug":"clio-5","status":"publish","type":"product","link":"https:\/\/ahamimcar.com\/en\/car\/clio-5\/","title":{"rendered":"Clio 5"},"content":{"rendered":"<p>R\u00e9servez d\u00e8s maintenant votre clio 5 \u00e0 l&rsquo;a\u00e9roport de f\u00e8s saiss, nous offrons location de voiture \u00e0 Rabat Tanger Casablanca F\u00e8s Marrakech et Agadir.<\/p>\n<p>Voir plus:<\/p>\n<p><a href=\"https:\/\/ahamimcar.com\/en\/car\/dacia-logan\/\">Dacia logan<\/a><\/p>\n<p><a href=\"https:\/\/ahamimcar.com\/en\/car\/renault-express\/\">Renault express<\/a><\/p>","protected":false},"excerpt":{"rendered":"<p>R\u00e9servez d\u00e8s maintenant votre clio 5 \u00e0 l&rsquo;a\u00e9roport de f\u00e8s saiss, nous offrons location de voiture \u00e0 Rabat Tanger Casablanca F\u00e8s Marrakech et Agadir.<\/p>\n<p>Voir plus:<\/p>\n<p><a href=\"https:\/\/ahamimcar.com\/en\/car\/dacia-logan\/\">Dacia logan<\/a><\/p>\n<p><a href=\"https:\/\/ahamimcar.com\/en\/car\/renault-express\/\">Renault express<\/a><\/p>","protected":false},"featured_media":2179,"comment_status":"open","ping_status":"closed","template":"","meta":{"site-sidebar-layout":"default","site-content-layout":"default","ast-site-content-layout":"","site-content-style":"default","site-sidebar-style":"default","ast-global-header-display":"","ast-banner-title-visibility":"","ast-main-header-display":"","ast-hfb-above-header-display":"","ast-hfb-below-header-display":"","ast-hfb-mobile-header-display":"","site-post-title":"","ast-breadcrumbs-content":"","ast-featured-img":"","footer-sml-layout":"","theme-transparent-header-meta":"default","adv-header-id-meta":"","stick-header-meta":"","header-above-stick-meta":"","header-main-stick-meta":"","header-below-stick-meta":"","astra-migrate-meta-layouts":"default","ast-page-background-enabled":"default","ast-page-background-meta":{"desktop":{"background-color":"var(--ast-global-color-4)","background-image":"","background-repeat":"repeat","background-position":"center center","background-size":"auto","background-attachment":"scroll","background-type":"","background-media":"","overlay-type":"","overlay-color":"","overlay-opacity":"","overlay-gradient":""},"tablet":{"background-color":"","background-image":"","background-repeat":"repeat","background-position":"center center","background-size":"auto","background-attachment":"scroll","background-type":"","background-media":"","overlay-type":"","overlay-color":"","overlay-opacity":"","overlay-gradient":""},"mobile":{"background-color":"","background-image":"","background-repeat":"repeat","background-position":"center center","background-size":"auto","background-attachment":"scroll","background-type":"","background-media":"","overlay-type":"","overlay-color":"","overlay-opacity":"","overlay-gradient":""}},"ast-content-background-meta":{"desktop":{"background-color":"var(--ast-global-color-5)","background-image":"","background-repeat":"repeat","background-position":"center center","background-size":"auto","background-attachment":"scroll","background-type":"","background-media":"","overlay-type":"","overlay-color":"","overlay-opacity":"","overlay-gradient":""},"tablet":{"background-color":"var(--ast-global-color-5)","background-image":"","background-repeat":"repeat","background-position":"center center","background-size":"auto","background-attachment":"scroll","background-type":"","background-media":"","overlay-type":"","overlay-color":"","overlay-opacity":"","overlay-gradient":""},"mobile":{"background-color":"var(--ast-global-color-5)","background-image":"","background-repeat":"repeat","background-position":"center center","background-size":"auto","background-attachment":"scroll","background-type":"","background-media":"","overlay-type":"","overlay-color":"","overlay-opacity":"","overlay-gradient":""}}},"product_cat":[23],"product_tag":[],"class_list":{"0":"post-2178","1":"product","2":"type-product","3":"status-publish","4":"has-post-thumbnail","6":"product_cat-non-classe","7":"desktop-align-left","8":"tablet-align-left","9":"mobile-align-left","11":"first","12":"instock","13":"shipping-taxable","14":"purchasable","15":"product-type-redq_rental"},"yoast_head":"<!-- This site is optimized with the Yoast SEO plugin v23.9 - https:\/\/yoast.com\/wordpress\/plugins\/seo\/ -->\n<title>Clio 5 | Ahamim car<\/title>\n<meta name=\"description\" content=\"Clio 5 | R\u00e9cup\u00e9rez votre voiture de location Ahamimcar d\u00e8s votre arriv\u00e9e \u00e0 l&#039;a\u00e9roport de F\u00e8s ! Notre agence de location vous propose une large gamme de voitures. Ne perdez plus de temps et r\u00e9servez d\u00e8s maintenant le voiture de location qui vous convient. R\u00e9cup\u00e9rez l\u00e0 d\u00e8s votre arriv\u00e9e \u00e0 l&#039;a\u00e9roport de F\u00e8s et partez \u00e0 la d\u00e9couverte de la capitale culturelle du Maroc.\" \/>\n<meta name=\"robots\" content=\"index, follow, max-snippet:-1, max-image-preview:large, max-video-preview:-1\" \/>\n<link rel=\"canonical\" href=\"https:\/\/ahamimcar.com\/en\/car\/clio-5\/\" \/>\n<meta property=\"og:locale\" content=\"en_US\" \/>\n<meta property=\"og:type\" content=\"article\" \/>\n<meta property=\"og:title\" content=\"Clio 5 | Ahamim car\" \/>\n<meta property=\"og:description\" content=\"Clio 5 | R\u00e9cup\u00e9rez votre voiture de location Ahamimcar d\u00e8s votre arriv\u00e9e \u00e0 l&#039;a\u00e9roport de F\u00e8s ! Notre agence de location vous propose une large gamme de voitures. Ne perdez plus de temps et r\u00e9servez d\u00e8s maintenant le voiture de location qui vous convient. R\u00e9cup\u00e9rez l\u00e0 d\u00e8s votre arriv\u00e9e \u00e0 l&#039;a\u00e9roport de F\u00e8s et partez \u00e0 la d\u00e9couverte de la capitale culturelle du Maroc.\" \/>\n<meta property=\"og:url\" content=\"https:\/\/ahamimcar.com\/en\/car\/clio-5\/\" \/>\n<meta property=\"og:site_name\" content=\"Ahamim car\" \/>\n<meta property=\"article:publisher\" content=\"https:\/\/www.facebook.com\/locationdesvoitures\" \/>\n<meta property=\"article:modified_time\" content=\"2026-03-22T22:30:12+00:00\" \/>\n<meta property=\"og:image\" content=\"https:\/\/ahamimcar.com\/wp-content\/uploads\/2023\/05\/Renault-Clio-5-Mounted-car.jpg\" \/>\n\t<meta property=\"og:image:width\" content=\"691\" \/>\n\t<meta property=\"og:image:height\" content=\"414\" \/>\n\t<meta property=\"og:image:type\" content=\"image\/jpeg\" \/>\n<meta name=\"twitter:card\" content=\"summary_large_image\" \/>\n<script type=\"application\/ld+json\" class=\"yoast-schema-graph\">{\"@context\":\"https:\/\/schema.org\",\"@graph\":[{\"@type\":\"WebPage\",\"@id\":\"https:\/\/ahamimcar.com\/en\/car\/clio-5\/\",\"url\":\"https:\/\/ahamimcar.com\/en\/car\/clio-5\/\",\"name\":\"Clio 5 | Ahamim car\",\"isPartOf\":{\"@id\":\"https:\/\/ahamimcar.com\/#website\"},\"primaryImageOfPage\":{\"@id\":\"https:\/\/ahamimcar.com\/en\/car\/clio-5\/#primaryimage\"},\"image\":{\"@id\":\"https:\/\/ahamimcar.com\/en\/car\/clio-5\/#primaryimage\"},\"thumbnailUrl\":\"https:\/\/ahamimcar.com\/wp-content\/uploads\/2023\/05\/Renault-Clio-5-Mounted-car.jpg\",\"datePublished\":\"2024-01-07T01:01:38+00:00\",\"dateModified\":\"2026-03-22T22:30:12+00:00\",\"description\":\"Clio 5 | R\u00e9cup\u00e9rez votre voiture de location Ahamimcar d\u00e8s votre arriv\u00e9e \u00e0 l'a\u00e9roport de F\u00e8s ! Notre agence de location vous propose une large gamme de voitures. Ne perdez plus de temps et r\u00e9servez d\u00e8s maintenant le voiture de location qui vous convient. R\u00e9cup\u00e9rez l\u00e0 d\u00e8s votre arriv\u00e9e \u00e0 l'a\u00e9roport de F\u00e8s et partez \u00e0 la d\u00e9couverte de la capitale culturelle du Maroc.\",\"breadcrumb\":{\"@id\":\"https:\/\/ahamimcar.com\/en\/car\/clio-5\/#breadcrumb\"},\"inLanguage\":\"en-US\",\"potentialAction\":[{\"@type\":\"ReadAction\",\"target\":[\"https:\/\/ahamimcar.com\/en\/car\/clio-5\/\"]}]},{\"@type\":\"ImageObject\",\"inLanguage\":\"en-US\",\"@id\":\"https:\/\/ahamimcar.com\/en\/car\/clio-5\/#primaryimage\",\"url\":\"https:\/\/ahamimcar.com\/wp-content\/uploads\/2023\/05\/Renault-Clio-5-Mounted-car.jpg\",\"contentUrl\":\"https:\/\/ahamimcar.com\/wp-content\/uploads\/2023\/05\/Renault-Clio-5-Mounted-car.jpg\",\"width\":691,\"height\":414,\"caption\":\"R\u00e9servez votre clio 5\"},{\"@type\":\"BreadcrumbList\",\"@id\":\"https:\/\/ahamimcar.com\/en\/car\/clio-5\/#breadcrumb\",\"itemListElement\":[{\"@type\":\"ListItem\",\"position\":1,\"name\":\"Accueil\",\"item\":\"https:\/\/ahamimcar.com\/\"},{\"@type\":\"ListItem\",\"position\":2,\"name\":\"Boutique\",\"item\":\"https:\/\/ahamimcar.com\/en\/boutique\/\"},{\"@type\":\"ListItem\",\"position\":3,\"name\":\"Clio 5\"}]},{\"@type\":\"WebSite\",\"@id\":\"https:\/\/ahamimcar.com\/#website\",\"url\":\"https:\/\/ahamimcar.com\/\",\"name\":\"Ahamim car\",\"description\":\"Location de voitures f\u00e8s saiss\",\"publisher\":{\"@id\":\"https:\/\/ahamimcar.com\/#organization\"},\"potentialAction\":[{\"@type\":\"SearchAction\",\"target\":{\"@type\":\"EntryPoint\",\"urlTemplate\":\"https:\/\/ahamimcar.com\/?s={search_term_string}\"},\"query-input\":{\"@type\":\"PropertyValueSpecification\",\"valueRequired\":true,\"valueName\":\"search_term_string\"}}],\"inLanguage\":\"en-US\"},{\"@type\":\"Organization\",\"@id\":\"https:\/\/ahamimcar.com\/#organization\",\"name\":\"Ahamim car\",\"url\":\"https:\/\/ahamimcar.com\/\",\"logo\":{\"@type\":\"ImageObject\",\"inLanguage\":\"en-US\",\"@id\":\"https:\/\/ahamimcar.com\/#\/schema\/logo\/image\/\",\"url\":\"https:\/\/ahamimcar.com\/wp-content\/uploads\/2023\/05\/ahamimcard-logo.png\",\"contentUrl\":\"https:\/\/ahamimcar.com\/wp-content\/uploads\/2023\/05\/ahamimcard-logo.png\",\"width\":500,\"height\":207,\"caption\":\"Ahamim car\"},\"image\":{\"@id\":\"https:\/\/ahamimcar.com\/#\/schema\/logo\/image\/\"},\"sameAs\":[\"https:\/\/www.facebook.com\/locationdesvoitures\"]}]}<\/script>\n<!-- \/ Yoast SEO plugin. -->","yoast_head_json":{"title":"Clio 5 | Ahamim car","description":"Clio 5 | R\u00e9cup\u00e9rez votre voiture de location Ahamimcar d\u00e8s votre arriv\u00e9e \u00e0 l'a\u00e9roport de F\u00e8s ! Notre agence de location vous propose une large gamme de voitures. Ne perdez plus de temps et r\u00e9servez d\u00e8s maintenant le voiture de location qui vous convient. R\u00e9cup\u00e9rez l\u00e0 d\u00e8s votre arriv\u00e9e \u00e0 l'a\u00e9roport de F\u00e8s et partez \u00e0 la d\u00e9couverte de la capitale culturelle du Maroc.","robots":{"index":"index","follow":"follow","max-snippet":"max-snippet:-1","max-image-preview":"max-image-preview:large","max-video-preview":"max-video-preview:-1"},"canonical":"https:\/\/ahamimcar.com\/en\/car\/clio-5\/","og_locale":"en_US","og_type":"article","og_title":"Clio 5 | Ahamim car","og_description":"Clio 5 | R\u00e9cup\u00e9rez votre voiture de location Ahamimcar d\u00e8s votre arriv\u00e9e \u00e0 l'a\u00e9roport de F\u00e8s ! Notre agence de location vous propose une large gamme de voitures. Ne perdez plus de temps et r\u00e9servez d\u00e8s maintenant le voiture de location qui vous convient. R\u00e9cup\u00e9rez l\u00e0 d\u00e8s votre arriv\u00e9e \u00e0 l'a\u00e9roport de F\u00e8s et partez \u00e0 la d\u00e9couverte de la capitale culturelle du Maroc.","og_url":"https:\/\/ahamimcar.com\/en\/car\/clio-5\/","og_site_name":"Ahamim car","article_publisher":"https:\/\/www.facebook.com\/locationdesvoitures","article_modified_time":"2026-03-22T22:30:12+00:00","og_image":[{"width":691,"height":414,"url":"https:\/\/ahamimcar.com\/wp-content\/uploads\/2023\/05\/Renault-Clio-5-Mounted-car.jpg","type":"image\/jpeg"}],"twitter_card":"summary_large_image","schema":{"@context":"https:\/\/schema.org","@graph":[{"@type":"WebPage","@id":"https:\/\/ahamimcar.com\/en\/car\/clio-5\/","url":"https:\/\/ahamimcar.com\/en\/car\/clio-5\/","name":"Clio 5 | Ahamim car","isPartOf":{"@id":"https:\/\/ahamimcar.com\/#website"},"primaryImageOfPage":{"@id":"https:\/\/ahamimcar.com\/en\/car\/clio-5\/#primaryimage"},"image":{"@id":"https:\/\/ahamimcar.com\/en\/car\/clio-5\/#primaryimage"},"thumbnailUrl":"https:\/\/ahamimcar.com\/wp-content\/uploads\/2023\/05\/Renault-Clio-5-Mounted-car.jpg","datePublished":"2024-01-07T01:01:38+00:00","dateModified":"2026-03-22T22:30:12+00:00","description":"Clio 5 | R\u00e9cup\u00e9rez votre voiture de location Ahamimcar d\u00e8s votre arriv\u00e9e \u00e0 l'a\u00e9roport de F\u00e8s ! Notre agence de location vous propose une large gamme de voitures. Ne perdez plus de temps et r\u00e9servez d\u00e8s maintenant le voiture de location qui vous convient. R\u00e9cup\u00e9rez l\u00e0 d\u00e8s votre arriv\u00e9e \u00e0 l'a\u00e9roport de F\u00e8s et partez \u00e0 la d\u00e9couverte de la capitale culturelle du Maroc.","breadcrumb":{"@id":"https:\/\/ahamimcar.com\/en\/car\/clio-5\/#breadcrumb"},"inLanguage":"en-US","potentialAction":[{"@type":"ReadAction","target":["https:\/\/ahamimcar.com\/en\/car\/clio-5\/"]}]},{"@type":"ImageObject","inLanguage":"en-US","@id":"https:\/\/ahamimcar.com\/en\/car\/clio-5\/#primaryimage","url":"https:\/\/ahamimcar.com\/wp-content\/uploads\/2023\/05\/Renault-Clio-5-Mounted-car.jpg","contentUrl":"https:\/\/ahamimcar.com\/wp-content\/uploads\/2023\/05\/Renault-Clio-5-Mounted-car.jpg","width":691,"height":414,"caption":"R\u00e9servez votre clio 5"},{"@type":"BreadcrumbList","@id":"https:\/\/ahamimcar.com\/en\/car\/clio-5\/#breadcrumb","itemListElement":[{"@type":"ListItem","position":1,"name":"Accueil","item":"https:\/\/ahamimcar.com\/"},{"@type":"ListItem","position":2,"name":"Boutique","item":"https:\/\/ahamimcar.com\/en\/boutique\/"},{"@type":"ListItem","position":3,"name":"Clio 5"}]},{"@type":"WebSite","@id":"https:\/\/ahamimcar.com\/#website","url":"https:\/\/ahamimcar.com\/","name":"Ahamim car","description":"Location de voitures f\u00e8s saiss","publisher":{"@id":"https:\/\/ahamimcar.com\/#organization"},"potentialAction":[{"@type":"SearchAction","target":{"@type":"EntryPoint","urlTemplate":"https:\/\/ahamimcar.com\/?s={search_term_string}"},"query-input":{"@type":"PropertyValueSpecification","valueRequired":true,"valueName":"search_term_string"}}],"inLanguage":"en-US"},{"@type":"Organization","@id":"https:\/\/ahamimcar.com\/#organization","name":"Ahamim car","url":"https:\/\/ahamimcar.com\/","logo":{"@type":"ImageObject","inLanguage":"en-US","@id":"https:\/\/ahamimcar.com\/#\/schema\/logo\/image\/","url":"https:\/\/ahamimcar.com\/wp-content\/uploads\/2023\/05\/ahamimcard-logo.png","contentUrl":"https:\/\/ahamimcar.com\/wp-content\/uploads\/2023\/05\/ahamimcard-logo.png","width":500,"height":207,"caption":"Ahamim car"},"image":{"@id":"https:\/\/ahamimcar.com\/#\/schema\/logo\/image\/"},"sameAs":["https:\/\/www.facebook.com\/locationdesvoitures"]}]}},"_links":{"self":[{"href":"https:\/\/ahamimcar.com\/en\/wp-json\/wp\/v2\/product\/2178"}],"collection":[{"href":"https:\/\/ahamimcar.com\/en\/wp-json\/wp\/v2\/product"}],"about":[{"href":"https:\/\/ahamimcar.com\/en\/wp-json\/wp\/v2\/types\/product"}],"replies":[{"embeddable":true,"href":"https:\/\/ahamimcar.com\/en\/wp-json\/wp\/v2\/comments?post=2178"}],"version-history":[{"count":0,"href":"https:\/\/ahamimcar.com\/en\/wp-json\/wp\/v2\/product\/2178\/revisions"}],"wp:featuredmedia":[{"embeddable":true,"href":"https:\/\/ahamimcar.com\/en\/wp-json\/wp\/v2\/media\/2179"}],"wp:attachment":[{"href":"https:\/\/ahamimcar.com\/en\/wp-json\/wp\/v2\/media?parent=2178"}],"wp:term":[{"taxonomy":"product_cat","embeddable":true,"href":"https:\/\/ahamimcar.com\/en\/wp-json\/wp\/v2\/product_cat?post=2178"},{"taxonomy":"product_tag","embeddable":true,"href":"https:\/\/ahamimcar.com\/en\/wp-json\/wp\/v2\/product_tag?post=2178"}],"curies":[{"name":"wp","href":"https:\/\/api.w.org\/{rel}","templated":true}]}}