{"id":2173,"date":"2024-01-08T00:00:37","date_gmt":"2024-01-08T00:00:37","guid":{"rendered":"https:\/\/ahamimcar.foxneer.com\/?post_type=product&#038;p=2173"},"modified":"2026-04-08T11:57:14","modified_gmt":"2026-04-08T11:57:14","slug":"clio-4-2","status":"publish","type":"product","link":"https:\/\/ahamimcar.com\/es\/car\/clio-4-2\/","title":{"rendered":"clio 4"},"content":{"rendered":"","protected":false},"excerpt":{"rendered":"","protected":false},"featured_media":2172,"comment_status":"open","ping_status":"closed","template":"","meta":{"site-sidebar-layout":"default","site-content-layout":"default","ast-site-content-layout":"","site-content-style":"default","site-sidebar-style":"default","ast-global-header-display":"","ast-banner-title-visibility":"","ast-main-header-display":"","ast-hfb-above-header-display":"","ast-hfb-below-header-display":"","ast-hfb-mobile-header-display":"","site-post-title":"","ast-breadcrumbs-content":"","ast-featured-img":"","footer-sml-layout":"","theme-transparent-header-meta":"default","adv-header-id-meta":"","stick-header-meta":"","header-above-stick-meta":"","header-main-stick-meta":"","header-below-stick-meta":"","astra-migrate-meta-layouts":"default","ast-page-background-enabled":"default","ast-page-background-meta":{"desktop":{"background-color":"var(--ast-global-color-4)","background-image":"","background-repeat":"repeat","background-position":"center center","background-size":"auto","background-attachment":"scroll","background-type":"","background-media":"","overlay-type":"","overlay-color":"","overlay-opacity":"","overlay-gradient":""},"tablet":{"background-color":"","background-image":"","background-repeat":"repeat","background-position":"center center","background-size":"auto","background-attachment":"scroll","background-type":"","background-media":"","overlay-type":"","overlay-color":"","overlay-opacity":"","overlay-gradient":""},"mobile":{"background-color":"","background-image":"","background-repeat":"repeat","background-position":"center center","background-size":"auto","background-attachment":"scroll","background-type":"","background-media":"","overlay-type":"","overlay-color":"","overlay-opacity":"","overlay-gradient":""}},"ast-content-background-meta":{"desktop":{"background-color":"var(--ast-global-color-5)","background-image":"","background-repeat":"repeat","background-position":"center center","background-size":"auto","background-attachment":"scroll","background-type":"","background-media":"","overlay-type":"","overlay-color":"","overlay-opacity":"","overlay-gradient":""},"tablet":{"background-color":"var(--ast-global-color-5)","background-image":"","background-repeat":"repeat","background-position":"center center","background-size":"auto","background-attachment":"scroll","background-type":"","background-media":"","overlay-type":"","overlay-color":"","overlay-opacity":"","overlay-gradient":""},"mobile":{"background-color":"var(--ast-global-color-5)","background-image":"","background-repeat":"repeat","background-position":"center center","background-size":"auto","background-attachment":"scroll","background-type":"","background-media":"","overlay-type":"","overlay-color":"","overlay-opacity":"","overlay-gradient":""}}},"product_cat":[23],"product_tag":[],"class_list":{"0":"post-2173","1":"product","2":"type-product","3":"status-publish","4":"has-post-thumbnail","6":"product_cat-non-classe","7":"desktop-align-left","8":"tablet-align-left","9":"mobile-align-left","11":"first","12":"instock","13":"shipping-taxable","14":"purchasable","15":"product-type-redq_rental"},"yoast_head":"<!-- This site is optimized with the Yoast SEO plugin v23.9 - https:\/\/yoast.com\/wordpress\/plugins\/seo\/ -->\n<title>clio 4 | Ahamim car<\/title>\n<meta name=\"description\" content=\"clio 4 | R\u00e9cup\u00e9rez votre voiture de location Ahamimcar d\u00e8s votre arriv\u00e9e \u00e0 l&#039;a\u00e9roport de F\u00e8s ! Notre agence de location vous propose une large gamme de voitures. Ne perdez plus de temps et r\u00e9servez d\u00e8s maintenant le voiture de location qui vous convient. R\u00e9cup\u00e9rez l\u00e0 d\u00e8s votre arriv\u00e9e \u00e0 l&#039;a\u00e9roport de F\u00e8s et partez \u00e0 la d\u00e9couverte de la capitale culturelle du Maroc.\" \/>\n<meta name=\"robots\" content=\"index, follow, max-snippet:-1, max-image-preview:large, max-video-preview:-1\" \/>\n<link rel=\"canonical\" href=\"https:\/\/ahamimcar.com\/es\/car\/clio-4-2\/\" \/>\n<meta property=\"og:locale\" content=\"es_ES\" \/>\n<meta property=\"og:type\" content=\"article\" \/>\n<meta property=\"og:title\" content=\"clio 4 | Ahamim car\" \/>\n<meta property=\"og:description\" content=\"clio 4 | R\u00e9cup\u00e9rez votre voiture de location Ahamimcar d\u00e8s votre arriv\u00e9e \u00e0 l&#039;a\u00e9roport de F\u00e8s ! Notre agence de location vous propose une large gamme de voitures. Ne perdez plus de temps et r\u00e9servez d\u00e8s maintenant le voiture de location qui vous convient. R\u00e9cup\u00e9rez l\u00e0 d\u00e8s votre arriv\u00e9e \u00e0 l&#039;a\u00e9roport de F\u00e8s et partez \u00e0 la d\u00e9couverte de la capitale culturelle du Maroc.\" \/>\n<meta property=\"og:url\" content=\"https:\/\/ahamimcar.com\/es\/car\/clio-4-2\/\" \/>\n<meta property=\"og:site_name\" content=\"Ahamim car\" \/>\n<meta property=\"article:publisher\" content=\"https:\/\/www.facebook.com\/locationdesvoitures\" \/>\n<meta property=\"article:modified_time\" content=\"2026-04-08T11:57:14+00:00\" \/>\n<meta property=\"og:image\" content=\"https:\/\/ahamimcar.com\/wp-content\/uploads\/2023\/05\/Renault-Clio-4-2018.jpg\" \/>\n\t<meta property=\"og:image:width\" content=\"720\" \/>\n\t<meta property=\"og:image:height\" content=\"405\" \/>\n\t<meta property=\"og:image:type\" content=\"image\/jpeg\" \/>\n<meta name=\"twitter:card\" content=\"summary_large_image\" \/>\n<script type=\"application\/ld+json\" class=\"yoast-schema-graph\">{\"@context\":\"https:\/\/schema.org\",\"@graph\":[{\"@type\":\"WebPage\",\"@id\":\"https:\/\/ahamimcar.com\/car\/clio-4-2\/\",\"url\":\"https:\/\/ahamimcar.com\/car\/clio-4-2\/\",\"name\":\"clio 4 | Ahamim car\",\"isPartOf\":{\"@id\":\"https:\/\/ahamimcar.com\/#website\"},\"primaryImageOfPage\":{\"@id\":\"https:\/\/ahamimcar.com\/car\/clio-4-2\/#primaryimage\"},\"image\":{\"@id\":\"https:\/\/ahamimcar.com\/car\/clio-4-2\/#primaryimage\"},\"thumbnailUrl\":\"https:\/\/ahamimcar.com\/wp-content\/uploads\/2023\/05\/Renault-Clio-4-2018.jpg\",\"datePublished\":\"2024-01-08T00:00:37+00:00\",\"dateModified\":\"2026-04-08T11:57:14+00:00\",\"description\":\"clio 4 | R\u00e9cup\u00e9rez votre voiture de location Ahamimcar d\u00e8s votre arriv\u00e9e \u00e0 l'a\u00e9roport de F\u00e8s ! Notre agence de location vous propose une large gamme de voitures. Ne perdez plus de temps et r\u00e9servez d\u00e8s maintenant le voiture de location qui vous convient. R\u00e9cup\u00e9rez l\u00e0 d\u00e8s votre arriv\u00e9e \u00e0 l'a\u00e9roport de F\u00e8s et partez \u00e0 la d\u00e9couverte de la capitale culturelle du Maroc.\",\"breadcrumb\":{\"@id\":\"https:\/\/ahamimcar.com\/car\/clio-4-2\/#breadcrumb\"},\"inLanguage\":\"es\",\"potentialAction\":[{\"@type\":\"ReadAction\",\"target\":[\"https:\/\/ahamimcar.com\/car\/clio-4-2\/\"]}]},{\"@type\":\"ImageObject\",\"inLanguage\":\"es\",\"@id\":\"https:\/\/ahamimcar.com\/car\/clio-4-2\/#primaryimage\",\"url\":\"https:\/\/ahamimcar.com\/wp-content\/uploads\/2023\/05\/Renault-Clio-4-2018.jpg\",\"contentUrl\":\"https:\/\/ahamimcar.com\/wp-content\/uploads\/2023\/05\/Renault-Clio-4-2018.jpg\",\"width\":720,\"height\":405},{\"@type\":\"BreadcrumbList\",\"@id\":\"https:\/\/ahamimcar.com\/car\/clio-4-2\/#breadcrumb\",\"itemListElement\":[{\"@type\":\"ListItem\",\"position\":1,\"name\":\"Accueil\",\"item\":\"https:\/\/ahamimcar.com\/\"},{\"@type\":\"ListItem\",\"position\":2,\"name\":\"Boutique\",\"item\":\"https:\/\/ahamimcar.com\/en\/boutique\/\"},{\"@type\":\"ListItem\",\"position\":3,\"name\":\"clio 4\"}]},{\"@type\":\"WebSite\",\"@id\":\"https:\/\/ahamimcar.com\/#website\",\"url\":\"https:\/\/ahamimcar.com\/\",\"name\":\"Ahamim car\",\"description\":\"Location de voitures f\u00e8s saiss\",\"publisher\":{\"@id\":\"https:\/\/ahamimcar.com\/#organization\"},\"potentialAction\":[{\"@type\":\"SearchAction\",\"target\":{\"@type\":\"EntryPoint\",\"urlTemplate\":\"https:\/\/ahamimcar.com\/?s={search_term_string}\"},\"query-input\":{\"@type\":\"PropertyValueSpecification\",\"valueRequired\":true,\"valueName\":\"search_term_string\"}}],\"inLanguage\":\"es\"},{\"@type\":\"Organization\",\"@id\":\"https:\/\/ahamimcar.com\/#organization\",\"name\":\"Ahamim car\",\"url\":\"https:\/\/ahamimcar.com\/\",\"logo\":{\"@type\":\"ImageObject\",\"inLanguage\":\"es\",\"@id\":\"https:\/\/ahamimcar.com\/#\/schema\/logo\/image\/\",\"url\":\"https:\/\/ahamimcar.com\/wp-content\/uploads\/2023\/05\/ahamimcard-logo.png\",\"contentUrl\":\"https:\/\/ahamimcar.com\/wp-content\/uploads\/2023\/05\/ahamimcard-logo.png\",\"width\":500,\"height\":207,\"caption\":\"Ahamim car\"},\"image\":{\"@id\":\"https:\/\/ahamimcar.com\/#\/schema\/logo\/image\/\"},\"sameAs\":[\"https:\/\/www.facebook.com\/locationdesvoitures\"]}]}<\/script>\n<!-- \/ Yoast SEO plugin. -->","yoast_head_json":{"title":"clio 4 | Ahamim car","description":"clio 4 | R\u00e9cup\u00e9rez votre voiture de location Ahamimcar d\u00e8s votre arriv\u00e9e \u00e0 l'a\u00e9roport de F\u00e8s ! Notre agence de location vous propose une large gamme de voitures. Ne perdez plus de temps et r\u00e9servez d\u00e8s maintenant le voiture de location qui vous convient. R\u00e9cup\u00e9rez l\u00e0 d\u00e8s votre arriv\u00e9e \u00e0 l'a\u00e9roport de F\u00e8s et partez \u00e0 la d\u00e9couverte de la capitale culturelle du Maroc.","robots":{"index":"index","follow":"follow","max-snippet":"max-snippet:-1","max-image-preview":"max-image-preview:large","max-video-preview":"max-video-preview:-1"},"canonical":"https:\/\/ahamimcar.com\/es\/car\/clio-4-2\/","og_locale":"es_ES","og_type":"article","og_title":"clio 4 | Ahamim car","og_description":"clio 4 | R\u00e9cup\u00e9rez votre voiture de location Ahamimcar d\u00e8s votre arriv\u00e9e \u00e0 l'a\u00e9roport de F\u00e8s ! Notre agence de location vous propose une large gamme de voitures. Ne perdez plus de temps et r\u00e9servez d\u00e8s maintenant le voiture de location qui vous convient. R\u00e9cup\u00e9rez l\u00e0 d\u00e8s votre arriv\u00e9e \u00e0 l'a\u00e9roport de F\u00e8s et partez \u00e0 la d\u00e9couverte de la capitale culturelle du Maroc.","og_url":"https:\/\/ahamimcar.com\/es\/car\/clio-4-2\/","og_site_name":"Ahamim car","article_publisher":"https:\/\/www.facebook.com\/locationdesvoitures","article_modified_time":"2026-04-08T11:57:14+00:00","og_image":[{"width":720,"height":405,"url":"https:\/\/ahamimcar.com\/wp-content\/uploads\/2023\/05\/Renault-Clio-4-2018.jpg","type":"image\/jpeg"}],"twitter_card":"summary_large_image","schema":{"@context":"https:\/\/schema.org","@graph":[{"@type":"WebPage","@id":"https:\/\/ahamimcar.com\/car\/clio-4-2\/","url":"https:\/\/ahamimcar.com\/car\/clio-4-2\/","name":"clio 4 | Ahamim car","isPartOf":{"@id":"https:\/\/ahamimcar.com\/#website"},"primaryImageOfPage":{"@id":"https:\/\/ahamimcar.com\/car\/clio-4-2\/#primaryimage"},"image":{"@id":"https:\/\/ahamimcar.com\/car\/clio-4-2\/#primaryimage"},"thumbnailUrl":"https:\/\/ahamimcar.com\/wp-content\/uploads\/2023\/05\/Renault-Clio-4-2018.jpg","datePublished":"2024-01-08T00:00:37+00:00","dateModified":"2026-04-08T11:57:14+00:00","description":"clio 4 | R\u00e9cup\u00e9rez votre voiture de location Ahamimcar d\u00e8s votre arriv\u00e9e \u00e0 l'a\u00e9roport de F\u00e8s ! Notre agence de location vous propose une large gamme de voitures. Ne perdez plus de temps et r\u00e9servez d\u00e8s maintenant le voiture de location qui vous convient. R\u00e9cup\u00e9rez l\u00e0 d\u00e8s votre arriv\u00e9e \u00e0 l'a\u00e9roport de F\u00e8s et partez \u00e0 la d\u00e9couverte de la capitale culturelle du Maroc.","breadcrumb":{"@id":"https:\/\/ahamimcar.com\/car\/clio-4-2\/#breadcrumb"},"inLanguage":"es","potentialAction":[{"@type":"ReadAction","target":["https:\/\/ahamimcar.com\/car\/clio-4-2\/"]}]},{"@type":"ImageObject","inLanguage":"es","@id":"https:\/\/ahamimcar.com\/car\/clio-4-2\/#primaryimage","url":"https:\/\/ahamimcar.com\/wp-content\/uploads\/2023\/05\/Renault-Clio-4-2018.jpg","contentUrl":"https:\/\/ahamimcar.com\/wp-content\/uploads\/2023\/05\/Renault-Clio-4-2018.jpg","width":720,"height":405},{"@type":"BreadcrumbList","@id":"https:\/\/ahamimcar.com\/car\/clio-4-2\/#breadcrumb","itemListElement":[{"@type":"ListItem","position":1,"name":"Accueil","item":"https:\/\/ahamimcar.com\/"},{"@type":"ListItem","position":2,"name":"Boutique","item":"https:\/\/ahamimcar.com\/en\/boutique\/"},{"@type":"ListItem","position":3,"name":"clio 4"}]},{"@type":"WebSite","@id":"https:\/\/ahamimcar.com\/#website","url":"https:\/\/ahamimcar.com\/","name":"Ahamim car","description":"Location de voitures f\u00e8s saiss","publisher":{"@id":"https:\/\/ahamimcar.com\/#organization"},"potentialAction":[{"@type":"SearchAction","target":{"@type":"EntryPoint","urlTemplate":"https:\/\/ahamimcar.com\/?s={search_term_string}"},"query-input":{"@type":"PropertyValueSpecification","valueRequired":true,"valueName":"search_term_string"}}],"inLanguage":"es"},{"@type":"Organization","@id":"https:\/\/ahamimcar.com\/#organization","name":"Ahamim car","url":"https:\/\/ahamimcar.com\/","logo":{"@type":"ImageObject","inLanguage":"es","@id":"https:\/\/ahamimcar.com\/#\/schema\/logo\/image\/","url":"https:\/\/ahamimcar.com\/wp-content\/uploads\/2023\/05\/ahamimcard-logo.png","contentUrl":"https:\/\/ahamimcar.com\/wp-content\/uploads\/2023\/05\/ahamimcard-logo.png","width":500,"height":207,"caption":"Ahamim car"},"image":{"@id":"https:\/\/ahamimcar.com\/#\/schema\/logo\/image\/"},"sameAs":["https:\/\/www.facebook.com\/locationdesvoitures"]}]}},"_links":{"self":[{"href":"https:\/\/ahamimcar.com\/es\/wp-json\/wp\/v2\/product\/2173"}],"collection":[{"href":"https:\/\/ahamimcar.com\/es\/wp-json\/wp\/v2\/product"}],"about":[{"href":"https:\/\/ahamimcar.com\/es\/wp-json\/wp\/v2\/types\/product"}],"replies":[{"embeddable":true,"href":"https:\/\/ahamimcar.com\/es\/wp-json\/wp\/v2\/comments?post=2173"}],"version-history":[{"count":1,"href":"https:\/\/ahamimcar.com\/es\/wp-json\/wp\/v2\/product\/2173\/revisions"}],"predecessor-version":[{"id":2731,"href":"https:\/\/ahamimcar.com\/es\/wp-json\/wp\/v2\/product\/2173\/revisions\/2731"}],"wp:featuredmedia":[{"embeddable":true,"href":"https:\/\/ahamimcar.com\/es\/wp-json\/wp\/v2\/media\/2172"}],"wp:attachment":[{"href":"https:\/\/ahamimcar.com\/es\/wp-json\/wp\/v2\/media?parent=2173"}],"wp:term":[{"taxonomy":"product_cat","embeddable":true,"href":"https:\/\/ahamimcar.com\/es\/wp-json\/wp\/v2\/product_cat?post=2173"},{"taxonomy":"product_tag","embeddable":true,"href":"https:\/\/ahamimcar.com\/es\/wp-json\/wp\/v2\/product_tag?post=2173"}],"curies":[{"name":"wp","href":"https:\/\/api.w.org\/{rel}","templated":true}]}}